{"id":2075,"date":"2023-03-01T22:44:18","date_gmt":"2023-03-01T22:44:18","guid":{"rendered":"https:\/\/theyesbrand.com\/servicios\/agencia-diseno-web\/"},"modified":"2026-01-21T14:25:28","modified_gmt":"2026-01-21T14:25:28","slug":"web-design-agency","status":"publish","type":"page","link":"https:\/\/theyesbrand.com\/en\/services\/web-design-agency\/","title":{"rendered":"Web design"},"content":{"rendered":"<section class=\"pt-custom flex-1 bg-primary-600\">\n    <div class=\"flex flex-col gap-10 pb-8 pt-4 md:pb-16 md:pt-11 xl:pb-24\">\n      <div class=\"px-4 md:px-8 lg:px-12 xl:px-14\">\n        \n        <a class=\"flex items-center gap-4 text-xl font-light text-white decoration-1 underline-offset-4 hover:underline\" href=\"https:\/\/theyesbrand.com\/en\/services\/\">\n          <svg class=\"w-5 h-auto rotate-180\" xmlns=\"http:\/\/www.w3.org\/2000\/svg\" viewBox=\"0 0 40.225 13.1\"><path data-name=\"Uni\u00f3n 1\" d=\"m28.465 12.233 9.055-5.184H0v-1h37.239L28.459.86l.508-.86 10.24 6.049h.023v.014l.994.587-.746.428L28.961 13.1Z\" fill=\"currentColor\"\/><\/svg>\n          Volver\n        <\/a>\n      <\/div>\n      <div class=\"container grid grid-cols-12 gap-x-5 gap-y-12 text-white\">\n        <div class=\"col-span-12 lg:col-span-6 2xl:col-span-5 2xl:col-start-2\">\n          <div class=\"flex max-w-xl flex-col gap-6 lg:gap-12\">\n                          <h1 class=\"text-5xl font-medium uppercase md:text-6xl xl:text-[70px] xl:leading-[1.10]\"><p>Your <em>Web Design<\/em> Agency<\/p>\n<\/h1>\n                                      <p class=\"max-w-[540px] text-xl font-light 2xl:text-2xl\">The main purpose of web design is to have users interact with your website, and having a good web design agency will make you stand out among the competition and the users interacting with your web design and development. User experience, positioning, and brand characteristics are the main factors when designing web pages.<\/p>\n                      <\/div>\n        <\/div>\n        <div class=\"col-span-12 flex flex-col gap-8 lg:col-span-6 2xl:col-span-5\">\n                      \n            <div class=\"service flex flex-col gap-4 font-light\">\n              <a class=\"service-title flex items-center gap-4 border-b border-white pb-4\" href=\"#open-service-detail\">\n                <p class=\"text-xl 2xl:text-2xl\">UX\/UI Design<\/p>\n                <div class=\"relative flex h-3 w-3 items-center justify-center\">\n                  <div class=\"absolute inset-x-0 h-0.5 bg-white\"><\/div>\n                  <div class=\"service-plus-vertical absolute inset-y-0 w-0.5 bg-white transition-transform\"><\/div>\n                <\/div>\n              <\/a>\n              <div class=\"service-text-hidden service-text hidden\">\n                <p class=\"text-xl 2xl:text-2xl\">At TheYesBrand, we stay informed about the latest trends in web design, especially regarding UX\/UI. We study user behavior and decide the journey your website should take to optimize their experience on the page, thus achieving a professional web design.<\/p>\n              <\/div>\n            <\/div>\n                      \n            <div class=\"service flex flex-col gap-4 font-light\">\n              <a class=\"service-title flex items-center gap-4 border-b border-white pb-4\" href=\"#open-service-detail\">\n                <p class=\"text-xl 2xl:text-2xl\">Responsive Web Design<\/p>\n                <div class=\"relative flex h-3 w-3 items-center justify-center\">\n                  <div class=\"absolute inset-x-0 h-0.5 bg-white\"><\/div>\n                  <div class=\"service-plus-vertical absolute inset-y-0 w-0.5 bg-white transition-transform\"><\/div>\n                <\/div>\n              <\/a>\n              <div class=\"service-text-hidden service-text hidden\">\n                <p class=\"text-xl 2xl:text-2xl\">The digital world makes users more connected to different types of screens, whether mobile, desktop, or tablet. A good web design must be able to be viewed correctly on all platforms. At TheYesBrand, we create responsive web design for all platforms, taking into account SEO web design.<\/p>\n              <\/div>\n            <\/div>\n                      \n            <div class=\"service flex flex-col gap-4 font-light\">\n              <a class=\"service-title flex items-center gap-4 border-b border-white pb-4\" href=\"#open-service-detail\">\n                <p class=\"text-xl 2xl:text-2xl\">WordPress Web Design<\/p>\n                <div class=\"relative flex h-3 w-3 items-center justify-center\">\n                  <div class=\"absolute inset-x-0 h-0.5 bg-white\"><\/div>\n                  <div class=\"service-plus-vertical absolute inset-y-0 w-0.5 bg-white transition-transform\"><\/div>\n                <\/div>\n              <\/a>\n              <div class=\"service-text-hidden service-text hidden\">\n                <p class=\"text-xl 2xl:text-2xl\">WordPress is the most famous and widely used web management system globally. Our experience and expertise with the platform make us experts at TheYesBrand when it comes to creating websites. Being able to easily and simply design your WordPress website will streamline the process.<\/p>\n              <\/div>\n            <\/div>\n                  <\/div>\n      <\/div>\n    <\/div>\n  <\/section>\n\n\n<section>\n          <a href=\"https:\/\/chateaulange.com\/en\/\" target=\"_blank\">\n          <div class=\"grid w-full min-h-screen grid-cols-1 grid-rows-1\">\n        <div class=\"relative flex items-center justify-center group\">\n                                <img loading=\"lazy\" decoding=\"async\" width=\"4472\" height=\"1996\" src=\"https:\/\/theyesbrand.com\/app\/uploads\/2026\/01\/web-chateau-lange-2.jpg\" class=\"absolute inset-0 w-full h-full object-cover\" alt=\"Inicio de web de Chateau Lange\" srcset=\"https:\/\/theyesbrand.com\/app\/uploads\/2026\/01\/web-chateau-lange-2.jpg 4472w, https:\/\/theyesbrand.com\/app\/uploads\/2026\/01\/web-chateau-lange-2-300x134.jpg 300w, https:\/\/theyesbrand.com\/app\/uploads\/2026\/01\/web-chateau-lange-2-1024x457.jpg 1024w, https:\/\/theyesbrand.com\/app\/uploads\/2026\/01\/web-chateau-lange-2-768x343.jpg 768w, https:\/\/theyesbrand.com\/app\/uploads\/2026\/01\/web-chateau-lange-2-1536x686.jpg 1536w, https:\/\/theyesbrand.com\/app\/uploads\/2026\/01\/web-chateau-lange-2-2048x914.jpg 2048w\" sizes=\"auto, (max-width: 4472px) 100vw, 4472px\" \/>\n                  <\/div>\n      <\/div>\n          <\/a>\n      <\/section>\n\n\n<section>\n          <a href=\"https:\/\/bibir.theyesbrand.com\/\" target=\"_blank\">\n          <div class=\"grid w-full min-h-screen grid-cols-1 grid-rows-1\">\n        <div class=\"relative flex items-center justify-center group\">\n                                <picture>\n              <source media=\"(max-width: 639px)\" srcset=\"https:\/\/theyesbrand.com\/app\/uploads\/2023\/08\/diseno-web-bibir-movil.jpg\">\n              <source media=\"(min-width: 640px)\" srcset=\"https:\/\/theyesbrand.com\/app\/uploads\/2023\/08\/pagina-web-bibir-diseno.jpg\">\n              <img loading=\"lazy\" decoding=\"async\" width=\"2362\" height=\"1184\" src=\"https:\/\/theyesbrand.com\/app\/uploads\/2023\/08\/pagina-web-bibir-diseno.jpg\" class=\"absolute inset-0 w-full h-full object-cover\" alt=\"Dise\u00f1o de inicio de p\u00e1gina web de bibir versi\u00f3n desktop\" srcset=\"https:\/\/theyesbrand.com\/app\/uploads\/2023\/08\/pagina-web-bibir-diseno.jpg 2362w, https:\/\/theyesbrand.com\/app\/uploads\/2023\/08\/pagina-web-bibir-diseno-300x150.jpg 300w, https:\/\/theyesbrand.com\/app\/uploads\/2023\/08\/pagina-web-bibir-diseno-1024x513.jpg 1024w, https:\/\/theyesbrand.com\/app\/uploads\/2023\/08\/pagina-web-bibir-diseno-768x385.jpg 768w, https:\/\/theyesbrand.com\/app\/uploads\/2023\/08\/pagina-web-bibir-diseno-1536x770.jpg 1536w, https:\/\/theyesbrand.com\/app\/uploads\/2023\/08\/pagina-web-bibir-diseno-2048x1027.jpg 2048w\" sizes=\"auto, (max-width: 2362px) 100vw, 2362px\" \/>\n            <\/picture>\n                  <\/div>\n      <\/div>\n          <\/a>\n      <\/section>\n\n\n<section>\n          <a href=\"https:\/\/farrerasnadal.com\/es\/\" target=\"_blank\">\n          <div class=\"grid w-full min-h-screen grid-cols-1 grid-rows-1\">\n        <div class=\"relative flex items-center justify-center group\">\n                                <picture>\n              <source media=\"(max-width: 639px)\" srcset=\"https:\/\/theyesbrand.com\/app\/uploads\/2023\/08\/diseno-web-Farrerasnadal-movil.jpg\">\n              <source media=\"(min-width: 640px)\" srcset=\"https:\/\/theyesbrand.com\/app\/uploads\/2023\/08\/pagina-web-farrerasnadal-1-scaled.jpg\">\n              <img loading=\"lazy\" decoding=\"async\" width=\"2560\" height=\"1308\" src=\"https:\/\/theyesbrand.com\/app\/uploads\/2023\/08\/pagina-web-farrerasnadal-1-scaled.jpg\" class=\"absolute inset-0 w-full h-full object-cover\" alt=\"Dise\u00f1o de inicio de web de ferreras nadal versi\u00f3n desktop\" srcset=\"https:\/\/theyesbrand.com\/app\/uploads\/2023\/08\/pagina-web-farrerasnadal-1-scaled.jpg 2560w, https:\/\/theyesbrand.com\/app\/uploads\/2023\/08\/pagina-web-farrerasnadal-1-300x153.jpg 300w, https:\/\/theyesbrand.com\/app\/uploads\/2023\/08\/pagina-web-farrerasnadal-1-1024x523.jpg 1024w, https:\/\/theyesbrand.com\/app\/uploads\/2023\/08\/pagina-web-farrerasnadal-1-768x392.jpg 768w, https:\/\/theyesbrand.com\/app\/uploads\/2023\/08\/pagina-web-farrerasnadal-1-1536x785.jpg 1536w, https:\/\/theyesbrand.com\/app\/uploads\/2023\/08\/pagina-web-farrerasnadal-1-2048x1046.jpg 2048w\" sizes=\"auto, (max-width: 2560px) 100vw, 2560px\" \/>\n            <\/picture>\n                  <\/div>\n      <\/div>\n          <\/a>\n      <\/section>\n\n\n<section>\n          <a href=\"https:\/\/senoriomilano.com\/\" target=\"_blank\">\n          <div class=\"grid w-full min-h-screen grid-cols-1 grid-rows-1\">\n        <div class=\"relative flex items-center justify-center group\">\n                                <picture>\n              <source media=\"(max-width: 639px)\" srcset=\"https:\/\/theyesbrand.com\/app\/uploads\/2023\/08\/diseno-web-senorio-milano-movil.jpg\">\n              <source media=\"(min-width: 640px)\" srcset=\"https:\/\/theyesbrand.com\/app\/uploads\/2023\/03\/senorio-scaled.jpeg\">\n              <img loading=\"lazy\" decoding=\"async\" width=\"2560\" height=\"1310\" src=\"https:\/\/theyesbrand.com\/app\/uploads\/2023\/03\/senorio-scaled.jpeg\" class=\"absolute inset-0 w-full h-full object-cover\" alt=\"P\u00e1gina de inicio de web de se\u00f1or\u00edo\" srcset=\"https:\/\/theyesbrand.com\/app\/uploads\/2023\/03\/senorio-scaled.jpeg 2560w, https:\/\/theyesbrand.com\/app\/uploads\/2023\/03\/senorio-300x153.jpeg 300w, https:\/\/theyesbrand.com\/app\/uploads\/2023\/03\/senorio-1024x524.jpeg 1024w, https:\/\/theyesbrand.com\/app\/uploads\/2023\/03\/senorio-768x393.jpeg 768w, https:\/\/theyesbrand.com\/app\/uploads\/2023\/03\/senorio-1536x786.jpeg 1536w, https:\/\/theyesbrand.com\/app\/uploads\/2023\/03\/senorio-2048x1048.jpeg 2048w\" sizes=\"auto, (max-width: 2560px) 100vw, 2560px\" \/>\n            <\/picture>\n                  <\/div>\n      <\/div>\n          <\/a>\n      <\/section>\n\n\n<section>\n          <a href=\"https:\/\/thebrickinvest.com\/\" target=\"_blank\">\n          <div class=\"grid w-full min-h-screen grid-cols-1 grid-rows-1\">\n        <div class=\"relative flex items-center justify-center group\">\n                                <picture>\n              <source media=\"(max-width: 639px)\" srcset=\"https:\/\/theyesbrand.com\/app\/uploads\/2023\/08\/diseno-web-brickinvest-movil.jpg\">\n              <source media=\"(min-width: 640px)\" srcset=\"https:\/\/theyesbrand.com\/app\/uploads\/2023\/03\/brickinvest-web-scaled.jpeg\">\n              <img loading=\"lazy\" decoding=\"async\" width=\"2560\" height=\"1301\" src=\"https:\/\/theyesbrand.com\/app\/uploads\/2023\/03\/brickinvest-web-scaled.jpeg\" class=\"absolute inset-0 w-full h-full object-cover\" alt=\"Dise\u00f1o de inicio de p\u00e1gina web de brickinvest\" srcset=\"https:\/\/theyesbrand.com\/app\/uploads\/2023\/03\/brickinvest-web-scaled.jpeg 2560w, https:\/\/theyesbrand.com\/app\/uploads\/2023\/03\/brickinvest-web-300x152.jpeg 300w, https:\/\/theyesbrand.com\/app\/uploads\/2023\/03\/brickinvest-web-1024x520.jpeg 1024w, https:\/\/theyesbrand.com\/app\/uploads\/2023\/03\/brickinvest-web-768x390.jpeg 768w, https:\/\/theyesbrand.com\/app\/uploads\/2023\/03\/brickinvest-web-1536x781.jpeg 1536w, https:\/\/theyesbrand.com\/app\/uploads\/2023\/03\/brickinvest-web-2048x1041.jpeg 2048w\" sizes=\"auto, (max-width: 2560px) 100vw, 2560px\" \/>\n            <\/picture>\n                  <\/div>\n      <\/div>\n          <\/a>\n      <\/section>\n","protected":false},"excerpt":{"rendered":"","protected":false},"author":1,"featured_media":0,"parent":2070,"menu_order":0,"comment_status":"closed","ping_status":"closed","template":"template-single-service.blade.php","meta":{"_acf_changed":false,"footnotes":""},"class_list":["post-2075","page","type-page","status-publish","hentry"],"acf":[],"yoast_head":"<!-- This site is optimized with the Yoast SEO plugin v27.3 - https:\/\/yoast.com\/product\/yoast-seo-wordpress\/ -->\n<title>Agencia Dise\u00f1o Web - Theyesbrand<\/title>\n<meta name=\"description\" content=\"Somos tu agencia de Dise\u00f1o Web en Barcelona y Madrid. Dise\u00f1amos y desarrollamos p\u00e1ginas web adaptadas a la experiencia del usuario, SEO y SEM.\" \/>\n<meta name=\"robots\" content=\"index, follow, max-snippet:-1, max-image-preview:large, max-video-preview:-1\" \/>\n<link rel=\"canonical\" href=\"https:\/\/theyesbrand.com\/en\/services\/web-design-agency\/\" \/>\n<meta property=\"og:locale\" content=\"en_US\" \/>\n<meta property=\"og:type\" content=\"article\" \/>\n<meta property=\"og:title\" content=\"Agencia Dise\u00f1o Web - Theyesbrand\" \/>\n<meta property=\"og:description\" content=\"Somos tu agencia de Dise\u00f1o Web en Barcelona y Madrid. Dise\u00f1amos y desarrollamos p\u00e1ginas web adaptadas a la experiencia del usuario, SEO y SEM.\" \/>\n<meta property=\"og:url\" content=\"https:\/\/theyesbrand.com\/en\/services\/web-design-agency\/\" \/>\n<meta property=\"og:site_name\" content=\"Theyesbrand\" \/>\n<meta property=\"article:publisher\" content=\"https:\/\/www.facebook.com\/theyesbrand\/\" \/>\n<meta property=\"article:modified_time\" content=\"2026-01-21T14:25:28+00:00\" \/>\n<meta name=\"twitter:card\" content=\"summary_large_image\" \/>\n<meta name=\"twitter:label1\" content=\"Est. reading time\" \/>\n\t<meta name=\"twitter:data1\" content=\"2 minutes\" \/>\n<script type=\"application\/ld+json\" class=\"yoast-schema-graph\">{\"@context\":\"https:\\\/\\\/schema.org\",\"@graph\":[{\"@type\":\"WebPage\",\"@id\":\"https:\\\/\\\/theyesbrand.com\\\/en\\\/services\\\/web-design-agency\\\/\",\"url\":\"https:\\\/\\\/theyesbrand.com\\\/en\\\/services\\\/web-design-agency\\\/\",\"name\":\"Agencia Dise\u00f1o Web - Theyesbrand\",\"isPartOf\":{\"@id\":\"https:\\\/\\\/theyesbrand.com\\\/en\\\/#website\"},\"datePublished\":\"2023-03-01T22:44:18+00:00\",\"dateModified\":\"2026-01-21T14:25:28+00:00\",\"description\":\"Somos tu agencia de Dise\u00f1o Web en Barcelona y Madrid. Dise\u00f1amos y desarrollamos p\u00e1ginas web adaptadas a la experiencia del usuario, SEO y SEM.\",\"breadcrumb\":{\"@id\":\"https:\\\/\\\/theyesbrand.com\\\/en\\\/services\\\/web-design-agency\\\/#breadcrumb\"},\"inLanguage\":\"en-US\",\"potentialAction\":[{\"@type\":\"ReadAction\",\"target\":[\"https:\\\/\\\/theyesbrand.com\\\/en\\\/services\\\/web-design-agency\\\/\"]}]},{\"@type\":\"BreadcrumbList\",\"@id\":\"https:\\\/\\\/theyesbrand.com\\\/en\\\/services\\\/web-design-agency\\\/#breadcrumb\",\"itemListElement\":[{\"@type\":\"ListItem\",\"position\":1,\"name\":\"Inicio\",\"item\":\"https:\\\/\\\/theyesbrand.com\\\/en\\\/\"},{\"@type\":\"ListItem\",\"position\":2,\"name\":\"Services\",\"item\":\"https:\\\/\\\/theyesbrand.com\\\/en\\\/services\\\/\"},{\"@type\":\"ListItem\",\"position\":3,\"name\":\"Web design\"}]},{\"@type\":\"WebSite\",\"@id\":\"https:\\\/\\\/theyesbrand.com\\\/en\\\/#website\",\"url\":\"https:\\\/\\\/theyesbrand.com\\\/en\\\/\",\"name\":\"Theyesbrand\",\"description\":\"Packaging and Branding Agency\",\"publisher\":{\"@id\":\"https:\\\/\\\/theyesbrand.com\\\/en\\\/#organization\"},\"potentialAction\":[{\"@type\":\"SearchAction\",\"target\":{\"@type\":\"EntryPoint\",\"urlTemplate\":\"https:\\\/\\\/theyesbrand.com\\\/en\\\/?s={search_term_string}\"},\"query-input\":{\"@type\":\"PropertyValueSpecification\",\"valueRequired\":true,\"valueName\":\"search_term_string\"}}],\"inLanguage\":\"en-US\"},{\"@type\":\"Organization\",\"@id\":\"https:\\\/\\\/theyesbrand.com\\\/en\\\/#organization\",\"name\":\"The Yes Brand - Agencia Branding Barcelona\",\"url\":\"https:\\\/\\\/theyesbrand.com\\\/en\\\/\",\"logo\":{\"@type\":\"ImageObject\",\"inLanguage\":\"en-US\",\"@id\":\"https:\\\/\\\/theyesbrand.com\\\/en\\\/#\\\/schema\\\/logo\\\/image\\\/\",\"url\":\"https:\\\/\\\/theyesbrand.com\\\/app\\\/uploads\\\/2022\\\/05\\\/theyesbrand-logo.png\",\"contentUrl\":\"https:\\\/\\\/theyesbrand.com\\\/app\\\/uploads\\\/2022\\\/05\\\/theyesbrand-logo.png\",\"width\":1237,\"height\":1024,\"caption\":\"The Yes Brand - Agencia Branding Barcelona\"},\"image\":{\"@id\":\"https:\\\/\\\/theyesbrand.com\\\/en\\\/#\\\/schema\\\/logo\\\/image\\\/\"},\"sameAs\":[\"https:\\\/\\\/www.facebook.com\\\/theyesbrand\\\/\",\"https:\\\/\\\/www.linkedin.com\\\/company\\\/theyesbrand\\\/\",\"https:\\\/\\\/www.instagram.com\\\/theyesbrand\\\/\",\"https:\\\/\\\/vimeo.com\\\/user126401609\"]}]}<\/script>\n<!-- \/ Yoast SEO plugin. -->","yoast_head_json":{"title":"Agencia Dise\u00f1o Web - Theyesbrand","description":"Somos tu agencia de Dise\u00f1o Web en Barcelona y Madrid. Dise\u00f1amos y desarrollamos p\u00e1ginas web adaptadas a la experiencia del usuario, SEO y SEM.","robots":{"index":"index","follow":"follow","max-snippet":"max-snippet:-1","max-image-preview":"max-image-preview:large","max-video-preview":"max-video-preview:-1"},"canonical":"https:\/\/theyesbrand.com\/en\/services\/web-design-agency\/","og_locale":"en_US","og_type":"article","og_title":"Agencia Dise\u00f1o Web - Theyesbrand","og_description":"Somos tu agencia de Dise\u00f1o Web en Barcelona y Madrid. Dise\u00f1amos y desarrollamos p\u00e1ginas web adaptadas a la experiencia del usuario, SEO y SEM.","og_url":"https:\/\/theyesbrand.com\/en\/services\/web-design-agency\/","og_site_name":"Theyesbrand","article_publisher":"https:\/\/www.facebook.com\/theyesbrand\/","article_modified_time":"2026-01-21T14:25:28+00:00","twitter_card":"summary_large_image","twitter_misc":{"Est. reading time":"2 minutes"},"schema":{"@context":"https:\/\/schema.org","@graph":[{"@type":"WebPage","@id":"https:\/\/theyesbrand.com\/en\/services\/web-design-agency\/","url":"https:\/\/theyesbrand.com\/en\/services\/web-design-agency\/","name":"Agencia Dise\u00f1o Web - Theyesbrand","isPartOf":{"@id":"https:\/\/theyesbrand.com\/en\/#website"},"datePublished":"2023-03-01T22:44:18+00:00","dateModified":"2026-01-21T14:25:28+00:00","description":"Somos tu agencia de Dise\u00f1o Web en Barcelona y Madrid. Dise\u00f1amos y desarrollamos p\u00e1ginas web adaptadas a la experiencia del usuario, SEO y SEM.","breadcrumb":{"@id":"https:\/\/theyesbrand.com\/en\/services\/web-design-agency\/#breadcrumb"},"inLanguage":"en-US","potentialAction":[{"@type":"ReadAction","target":["https:\/\/theyesbrand.com\/en\/services\/web-design-agency\/"]}]},{"@type":"BreadcrumbList","@id":"https:\/\/theyesbrand.com\/en\/services\/web-design-agency\/#breadcrumb","itemListElement":[{"@type":"ListItem","position":1,"name":"Inicio","item":"https:\/\/theyesbrand.com\/en\/"},{"@type":"ListItem","position":2,"name":"Services","item":"https:\/\/theyesbrand.com\/en\/services\/"},{"@type":"ListItem","position":3,"name":"Web design"}]},{"@type":"WebSite","@id":"https:\/\/theyesbrand.com\/en\/#website","url":"https:\/\/theyesbrand.com\/en\/","name":"Theyesbrand","description":"Packaging and Branding Agency","publisher":{"@id":"https:\/\/theyesbrand.com\/en\/#organization"},"potentialAction":[{"@type":"SearchAction","target":{"@type":"EntryPoint","urlTemplate":"https:\/\/theyesbrand.com\/en\/?s={search_term_string}"},"query-input":{"@type":"PropertyValueSpecification","valueRequired":true,"valueName":"search_term_string"}}],"inLanguage":"en-US"},{"@type":"Organization","@id":"https:\/\/theyesbrand.com\/en\/#organization","name":"The Yes Brand - Agencia Branding Barcelona","url":"https:\/\/theyesbrand.com\/en\/","logo":{"@type":"ImageObject","inLanguage":"en-US","@id":"https:\/\/theyesbrand.com\/en\/#\/schema\/logo\/image\/","url":"https:\/\/theyesbrand.com\/app\/uploads\/2022\/05\/theyesbrand-logo.png","contentUrl":"https:\/\/theyesbrand.com\/app\/uploads\/2022\/05\/theyesbrand-logo.png","width":1237,"height":1024,"caption":"The Yes Brand - Agencia Branding Barcelona"},"image":{"@id":"https:\/\/theyesbrand.com\/en\/#\/schema\/logo\/image\/"},"sameAs":["https:\/\/www.facebook.com\/theyesbrand\/","https:\/\/www.linkedin.com\/company\/theyesbrand\/","https:\/\/www.instagram.com\/theyesbrand\/","https:\/\/vimeo.com\/user126401609"]}]}},"_links":{"self":[{"href":"https:\/\/theyesbrand.com\/en\/wp-json\/wp\/v2\/pages\/2075","targetHints":{"allow":["GET"]}}],"collection":[{"href":"https:\/\/theyesbrand.com\/en\/wp-json\/wp\/v2\/pages"}],"about":[{"href":"https:\/\/theyesbrand.com\/en\/wp-json\/wp\/v2\/types\/page"}],"author":[{"embeddable":true,"href":"https:\/\/theyesbrand.com\/en\/wp-json\/wp\/v2\/users\/1"}],"replies":[{"embeddable":true,"href":"https:\/\/theyesbrand.com\/en\/wp-json\/wp\/v2\/comments?post=2075"}],"version-history":[{"count":5,"href":"https:\/\/theyesbrand.com\/en\/wp-json\/wp\/v2\/pages\/2075\/revisions"}],"predecessor-version":[{"id":2860,"href":"https:\/\/theyesbrand.com\/en\/wp-json\/wp\/v2\/pages\/2075\/revisions\/2860"}],"up":[{"embeddable":true,"href":"https:\/\/theyesbrand.com\/en\/wp-json\/wp\/v2\/pages\/2070"}],"wp:attachment":[{"href":"https:\/\/theyesbrand.com\/en\/wp-json\/wp\/v2\/media?parent=2075"}],"curies":[{"name":"wp","href":"https:\/\/api.w.org\/{rel}","templated":true}]}}