{"id":2086,"date":"2023-03-01T22:43:50","date_gmt":"2023-03-01T22:43:50","guid":{"rendered":"https:\/\/theyesbrand.com\/services\/diseno-de-packaging\/"},"modified":"2025-11-05T19:20:34","modified_gmt":"2025-11-05T19:20:34","slug":"packaging-design","status":"publish","type":"page","link":"https:\/\/theyesbrand.com\/en\/services\/packaging-design\/","title":{"rendered":"Packaging"},"content":{"rendered":"<section class=\"pt-custom flex-1 bg-primary-600\">\n    <div class=\"flex flex-col gap-10 pb-8 pt-4 md:pb-16 md:pt-11 xl:pb-24\">\n      <div class=\"px-4 md:px-8 lg:px-12 xl:px-14\">\n        \n        <a class=\"flex items-center gap-4 text-xl font-light text-white decoration-1 underline-offset-4 hover:underline\" href=\"https:\/\/theyesbrand.com\/en\/services\/\">\n          <svg class=\"w-5 h-auto rotate-180\" xmlns=\"http:\/\/www.w3.org\/2000\/svg\" viewBox=\"0 0 40.225 13.1\"><path data-name=\"Uni\u00f3n 1\" d=\"m28.465 12.233 9.055-5.184H0v-1h37.239L28.459.86l.508-.86 10.24 6.049h.023v.014l.994.587-.746.428L28.961 13.1Z\" fill=\"currentColor\"\/><\/svg>\n          Volver\n        <\/a>\n      <\/div>\n      <div class=\"container grid grid-cols-12 gap-x-5 gap-y-12 text-white\">\n        <div class=\"col-span-12 lg:col-span-6 2xl:col-span-5 2xl:col-start-2\">\n          <div class=\"flex max-w-xl flex-col gap-6 lg:gap-12\">\n                          <h1 class=\"text-5xl font-medium uppercase md:text-6xl xl:text-[70px] xl:leading-[1.10]\"><p>Your <em>Packaging Design<\/em> Agency<\/p>\n<\/h1>\n                                      <p class=\"max-w-[540px] text-xl font-light 2xl:text-2xl\">A good packaging design makes you unique, recognizable, and memorable. We design around an idea, a perspective, and a promise, helping you tell a story with your product.<br \/>\r\n<br \/>\r\nYour sustainable packaging will convey to the audience a seductive and trustworthy feeling, wherever they may be.<br \/>\r\n<br \/>\r\nIn our packaging agency, we offer a wide range of specialized services in packaging design, such as food packaging, pharma packaging, and more. Our focus on packaging design translates into creative and functional solutions that help you stand out and add significant value to your customers.<\/p>\n                      <\/div>\n        <\/div>\n        <div class=\"col-span-12 flex flex-col gap-8 lg:col-span-6 2xl:col-span-5\">\n                      \n            <div class=\"service flex flex-col gap-4 font-light\">\n              <a class=\"service-title flex items-center gap-4 border-b border-white pb-4\" href=\"#open-service-detail\">\n                <p class=\"text-xl 2xl:text-2xl\">Packaging Design<\/p>\n                <div class=\"relative flex h-3 w-3 items-center justify-center\">\n                  <div class=\"absolute inset-x-0 h-0.5 bg-white\"><\/div>\n                  <div class=\"service-plus-vertical absolute inset-y-0 w-0.5 bg-white transition-transform\"><\/div>\n                <\/div>\n              <\/a>\n              <div class=\"service-text-hidden service-text hidden\">\n                <p class=\"text-xl 2xl:text-2xl\">One of the most decisive moments for a product is at the point of sale. Convincing and seducing the consumer is not an easy task. Only packaging designs that convey reliability, attraction, clear information, and even honesty will be the winners.<\/p>\n              <\/div>\n            <\/div>\n                      \n            <div class=\"service flex flex-col gap-4 font-light\">\n              <a class=\"service-title flex items-center gap-4 border-b border-white pb-4\" href=\"#open-service-detail\">\n                <p class=\"text-xl 2xl:text-2xl\">Structural Design<\/p>\n                <div class=\"relative flex h-3 w-3 items-center justify-center\">\n                  <div class=\"absolute inset-x-0 h-0.5 bg-white\"><\/div>\n                  <div class=\"service-plus-vertical absolute inset-y-0 w-0.5 bg-white transition-transform\"><\/div>\n                <\/div>\n              <\/a>\n              <div class=\"service-text-hidden service-text hidden\">\n                <p class=\"text-xl 2xl:text-2xl\">Designing and choosing the ideal format that aligns with the product and the target audience. From special formats to multi-pack structures. An important factor in structural design is the choice of materials, as each product has different requirements based on the target audience, placement on the shelf, durability, among other factors.<br \/>\r\nAt TheYesBrand, we create realistic 2D models of different structural design proposals.<\/p>\n              <\/div>\n            <\/div>\n                      \n            <div class=\"service flex flex-col gap-4 font-light\">\n              <a class=\"service-title flex items-center gap-4 border-b border-white pb-4\" href=\"#open-service-detail\">\n                <p class=\"text-xl 2xl:text-2xl\">Product Label<\/p>\n                <div class=\"relative flex h-3 w-3 items-center justify-center\">\n                  <div class=\"absolute inset-x-0 h-0.5 bg-white\"><\/div>\n                  <div class=\"service-plus-vertical absolute inset-y-0 w-0.5 bg-white transition-transform\"><\/div>\n                <\/div>\n              <\/a>\n              <div class=\"service-text-hidden service-text hidden\">\n                <p class=\"text-xl 2xl:text-2xl\">Creativity plays a significant role in product label design. Knowing how to inform about the product and its benefits in an attractive and appealing manner according to the target audience is crucial.<\/p>\n              <\/div>\n            <\/div>\n                  <\/div>\n      <\/div>\n    <\/div>\n  <\/section>\n\n\n<section>\n  <div\n    class=\"w-full  min-h-screen grid-cols-1 grid-row-3 lg:grid-cols-2 lg:grid-rows-2  grid\">\n\n        <a class=\" lg:row-span-2    project-card-link  group relative flex items-center justify-center lg:min-h-[550px] 2xl:min-h-[750px]\"\n          href=\"https:\/\/theyesbrand.com\/en\/projects\/nojae\/\" target=\"_self\">\n                                                    <img loading=\"lazy\" decoding=\"async\" width=\"1333\" height=\"2000\" src=\"https:\/\/theyesbrand.com\/app\/uploads\/2022\/05\/Nojae-licor-de-sauco-packaging-1.jpg\" class=\"relative lg:absolute\n                                                                                                                                                                                                                                lg:inset-0 w-full lg:h-full lg:object-cover\" alt=\"\" srcset=\"https:\/\/theyesbrand.com\/app\/uploads\/2022\/05\/Nojae-licor-de-sauco-packaging-1.jpg 1333w, https:\/\/theyesbrand.com\/app\/uploads\/2022\/05\/Nojae-licor-de-sauco-packaging-1-200x300.jpg 200w, https:\/\/theyesbrand.com\/app\/uploads\/2022\/05\/Nojae-licor-de-sauco-packaging-1-682x1024.jpg 682w, https:\/\/theyesbrand.com\/app\/uploads\/2022\/05\/Nojae-licor-de-sauco-packaging-1-768x1152.jpg 768w, https:\/\/theyesbrand.com\/app\/uploads\/2022\/05\/Nojae-licor-de-sauco-packaging-1-1024x1536.jpg 1024w\" sizes=\"auto, (max-width: 1333px) 100vw, 1333px\" \/>\n                                    \n                      \n          \n          <div class=\"absolute inset-0 bg-gray-600 opacity-0 transition-opacity duration-300 ease-in-custom group-hover:opacity-60 group-focus:opacity-60\">\n          <\/div>\n\n          <div class=\"absolute z-10 flex flex-col gap-2 p-4 text-center text-white opacity-0 transition-opacity duration-300 ease-in-custom group-hover:opacity-100 group-focus:opacity-100 md:gap-4 md:p-8\">\n            <h2 class=\"text-4xl font-medium uppercase sm:text-5xl md:text-6xl\">Nojae<\/h2>\n                          <article class=\"text-sm uppercase sm:text-base md:text-lg\">A different experience<\/article>\n                      <\/div>\n        <\/a>\n                                                <a class=\"    project-card-link  group relative flex items-center justify-center lg:min-h-[550px] 2xl:min-h-[750px]\"\n          href=\"https:\/\/theyesbrand.com\/en\/projects\/custom-culinary\/\" target=\"_self\">\n                                                    <img loading=\"lazy\" decoding=\"async\" width=\"2560\" height=\"1502\" src=\"https:\/\/theyesbrand.com\/app\/uploads\/2022\/05\/custom-culinary-food-scaled.jpg\" class=\"relative lg:absolute\n                                                                                                                                                                                                                                lg:inset-0 w-full lg:h-full lg:object-cover\" alt=\"\" srcset=\"https:\/\/theyesbrand.com\/app\/uploads\/2022\/05\/custom-culinary-food-scaled.jpg 2560w, https:\/\/theyesbrand.com\/app\/uploads\/2022\/05\/custom-culinary-food-300x176.jpg 300w, https:\/\/theyesbrand.com\/app\/uploads\/2022\/05\/custom-culinary-food-1024x601.jpg 1024w, https:\/\/theyesbrand.com\/app\/uploads\/2022\/05\/custom-culinary-food-768x451.jpg 768w, https:\/\/theyesbrand.com\/app\/uploads\/2022\/05\/custom-culinary-food-1536x901.jpg 1536w, https:\/\/theyesbrand.com\/app\/uploads\/2022\/05\/custom-culinary-food-2048x1202.jpg 2048w\" sizes=\"auto, (max-width: 2560px) 100vw, 2560px\" \/>\n                                    \n                      \n          \n          <div class=\"absolute inset-0 bg-gray-600 opacity-0 transition-opacity duration-300 ease-in-custom group-hover:opacity-60 group-focus:opacity-60\">\n          <\/div>\n\n          <div class=\"absolute z-10 flex flex-col gap-2 p-4 text-center text-white opacity-0 transition-opacity duration-300 ease-in-custom group-hover:opacity-100 group-focus:opacity-100 md:gap-4 md:p-8\">\n            <h2 class=\"text-4xl font-medium uppercase sm:text-5xl md:text-6xl\">Custom Culinary<\/h2>\n                          <article class=\"text-sm uppercase sm:text-base md:text-lg\">Always by your side. Always helping you<\/article>\n                      <\/div>\n        <\/a>\n                                                <a class=\"  project-card-link  group relative flex items-center justify-center lg:min-h-[550px] 2xl:min-h-[750px]\"\n          href=\"https:\/\/theyesbrand.com\/en\/projects\/reyes-varon\/\" target=\"_self\">\n                                    <img loading=\"lazy\" decoding=\"async\" width=\"2560\" height=\"1440\" src=\"https:\/\/theyesbrand.com\/app\/uploads\/2022\/05\/Enmascarar-grupo-11-3-scaled.jpg\" class=\"relative lg:absolute lg:inset-0 w-full lg:h-full lg:object-cover\" alt=\"Dise\u00f1o packaging alimentaci\u00f3n - Reyes Var\u00f3n\" srcset=\"https:\/\/theyesbrand.com\/app\/uploads\/2022\/05\/Enmascarar-grupo-11-3-scaled.jpg 2560w, https:\/\/theyesbrand.com\/app\/uploads\/2022\/05\/Enmascarar-grupo-11-3-300x169.jpg 300w, https:\/\/theyesbrand.com\/app\/uploads\/2022\/05\/Enmascarar-grupo-11-3-1024x576.jpg 1024w, https:\/\/theyesbrand.com\/app\/uploads\/2022\/05\/Enmascarar-grupo-11-3-768x432.jpg 768w, https:\/\/theyesbrand.com\/app\/uploads\/2022\/05\/Enmascarar-grupo-11-3-1536x864.jpg 1536w, https:\/\/theyesbrand.com\/app\/uploads\/2022\/05\/Enmascarar-grupo-11-3-2048x1152.jpg 2048w\" sizes=\"auto, (max-width: 2560px) 100vw, 2560px\" \/>\n                      \n                      \n          \n          <div class=\"absolute inset-0 bg-gray-600 opacity-0 transition-opacity duration-300 ease-in-custom group-hover:opacity-60 group-focus:opacity-60\">\n          <\/div>\n\n          <div class=\"absolute z-10 flex flex-col gap-2 p-4 text-center text-white opacity-0 transition-opacity duration-300 ease-in-custom group-hover:opacity-100 group-focus:opacity-100 md:gap-4 md:p-8\">\n            <h2 class=\"text-4xl font-medium uppercase sm:text-5xl md:text-6xl\">Reyes Var\u00f3n<\/h2>\n                      <\/div>\n        <\/a>\n                  \n  <\/div>\n<\/section>\n","protected":false},"excerpt":{"rendered":"","protected":false},"author":1,"featured_media":0,"parent":2070,"menu_order":0,"comment_status":"closed","ping_status":"closed","template":"template-single-service.blade.php","meta":{"_acf_changed":false,"footnotes":""},"class_list":["post-2086","page","type-page","status-publish","hentry"],"acf":[],"yoast_head":"<!-- This site is optimized with the Yoast SEO plugin v27.3 - https:\/\/yoast.com\/product\/yoast-seo-wordpress\/ -->\n<title>Agencia de Dise\u00f1o de Packaging Barcelona - Theyesbrand<\/title>\n<meta name=\"description\" content=\"Somos tu agencia de dise\u00f1o de Packaging en Barcelona y Madrid. Somos expertos en dise\u00f1o de envases y etiquetas para la industria farmac\u00e9utica y de la alimentaci\u00f3n.\" \/>\n<meta name=\"robots\" content=\"index, follow, max-snippet:-1, max-image-preview:large, max-video-preview:-1\" \/>\n<link rel=\"canonical\" href=\"https:\/\/theyesbrand.com\/en\/services\/packaging-design\/\" \/>\n<meta property=\"og:locale\" content=\"en_US\" \/>\n<meta property=\"og:type\" content=\"article\" \/>\n<meta property=\"og:title\" content=\"Agencia de Dise\u00f1o de Packaging Barcelona - Theyesbrand\" \/>\n<meta property=\"og:description\" content=\"Somos tu agencia de dise\u00f1o de Packaging en Barcelona y Madrid. Somos expertos en dise\u00f1o de envases y etiquetas para la industria farmac\u00e9utica y de la alimentaci\u00f3n.\" \/>\n<meta property=\"og:url\" content=\"https:\/\/theyesbrand.com\/en\/services\/packaging-design\/\" \/>\n<meta property=\"og:site_name\" content=\"Theyesbrand\" \/>\n<meta property=\"article:publisher\" content=\"https:\/\/www.facebook.com\/theyesbrand\/\" \/>\n<meta property=\"article:modified_time\" content=\"2025-11-05T19:20:34+00:00\" \/>\n<meta name=\"twitter:card\" content=\"summary_large_image\" \/>\n<meta name=\"twitter:label1\" content=\"Est. reading time\" \/>\n\t<meta name=\"twitter:data1\" content=\"2 minutes\" \/>\n<script type=\"application\/ld+json\" class=\"yoast-schema-graph\">{\"@context\":\"https:\\\/\\\/schema.org\",\"@graph\":[{\"@type\":\"WebPage\",\"@id\":\"https:\\\/\\\/theyesbrand.com\\\/en\\\/services\\\/packaging-design\\\/\",\"url\":\"https:\\\/\\\/theyesbrand.com\\\/en\\\/services\\\/packaging-design\\\/\",\"name\":\"Agencia de Dise\u00f1o de Packaging Barcelona - Theyesbrand\",\"isPartOf\":{\"@id\":\"https:\\\/\\\/theyesbrand.com\\\/en\\\/#website\"},\"datePublished\":\"2023-03-01T22:43:50+00:00\",\"dateModified\":\"2025-11-05T19:20:34+00:00\",\"description\":\"Somos tu agencia de dise\u00f1o de Packaging en Barcelona y Madrid. Somos expertos en dise\u00f1o de envases y etiquetas para la industria farmac\u00e9utica y de la alimentaci\u00f3n.\",\"breadcrumb\":{\"@id\":\"https:\\\/\\\/theyesbrand.com\\\/en\\\/services\\\/packaging-design\\\/#breadcrumb\"},\"inLanguage\":\"en-US\",\"potentialAction\":[{\"@type\":\"ReadAction\",\"target\":[\"https:\\\/\\\/theyesbrand.com\\\/en\\\/services\\\/packaging-design\\\/\"]}]},{\"@type\":\"BreadcrumbList\",\"@id\":\"https:\\\/\\\/theyesbrand.com\\\/en\\\/services\\\/packaging-design\\\/#breadcrumb\",\"itemListElement\":[{\"@type\":\"ListItem\",\"position\":1,\"name\":\"Inicio\",\"item\":\"https:\\\/\\\/theyesbrand.com\\\/en\\\/\"},{\"@type\":\"ListItem\",\"position\":2,\"name\":\"Services\",\"item\":\"https:\\\/\\\/theyesbrand.com\\\/en\\\/services\\\/\"},{\"@type\":\"ListItem\",\"position\":3,\"name\":\"Packaging\"}]},{\"@type\":\"WebSite\",\"@id\":\"https:\\\/\\\/theyesbrand.com\\\/en\\\/#website\",\"url\":\"https:\\\/\\\/theyesbrand.com\\\/en\\\/\",\"name\":\"Theyesbrand\",\"description\":\"Packaging and Branding Agency\",\"publisher\":{\"@id\":\"https:\\\/\\\/theyesbrand.com\\\/en\\\/#organization\"},\"potentialAction\":[{\"@type\":\"SearchAction\",\"target\":{\"@type\":\"EntryPoint\",\"urlTemplate\":\"https:\\\/\\\/theyesbrand.com\\\/en\\\/?s={search_term_string}\"},\"query-input\":{\"@type\":\"PropertyValueSpecification\",\"valueRequired\":true,\"valueName\":\"search_term_string\"}}],\"inLanguage\":\"en-US\"},{\"@type\":\"Organization\",\"@id\":\"https:\\\/\\\/theyesbrand.com\\\/en\\\/#organization\",\"name\":\"The Yes Brand - Agencia Branding Barcelona\",\"url\":\"https:\\\/\\\/theyesbrand.com\\\/en\\\/\",\"logo\":{\"@type\":\"ImageObject\",\"inLanguage\":\"en-US\",\"@id\":\"https:\\\/\\\/theyesbrand.com\\\/en\\\/#\\\/schema\\\/logo\\\/image\\\/\",\"url\":\"https:\\\/\\\/theyesbrand.com\\\/app\\\/uploads\\\/2022\\\/05\\\/theyesbrand-logo.png\",\"contentUrl\":\"https:\\\/\\\/theyesbrand.com\\\/app\\\/uploads\\\/2022\\\/05\\\/theyesbrand-logo.png\",\"width\":1237,\"height\":1024,\"caption\":\"The Yes Brand - Agencia Branding Barcelona\"},\"image\":{\"@id\":\"https:\\\/\\\/theyesbrand.com\\\/en\\\/#\\\/schema\\\/logo\\\/image\\\/\"},\"sameAs\":[\"https:\\\/\\\/www.facebook.com\\\/theyesbrand\\\/\",\"https:\\\/\\\/www.linkedin.com\\\/company\\\/theyesbrand\\\/\",\"https:\\\/\\\/www.instagram.com\\\/theyesbrand\\\/\",\"https:\\\/\\\/vimeo.com\\\/user126401609\"]}]}<\/script>\n<!-- \/ Yoast SEO plugin. -->","yoast_head_json":{"title":"Agencia de Dise\u00f1o de Packaging Barcelona - Theyesbrand","description":"Somos tu agencia de dise\u00f1o de Packaging en Barcelona y Madrid. Somos expertos en dise\u00f1o de envases y etiquetas para la industria farmac\u00e9utica y de la alimentaci\u00f3n.","robots":{"index":"index","follow":"follow","max-snippet":"max-snippet:-1","max-image-preview":"max-image-preview:large","max-video-preview":"max-video-preview:-1"},"canonical":"https:\/\/theyesbrand.com\/en\/services\/packaging-design\/","og_locale":"en_US","og_type":"article","og_title":"Agencia de Dise\u00f1o de Packaging Barcelona - Theyesbrand","og_description":"Somos tu agencia de dise\u00f1o de Packaging en Barcelona y Madrid. Somos expertos en dise\u00f1o de envases y etiquetas para la industria farmac\u00e9utica y de la alimentaci\u00f3n.","og_url":"https:\/\/theyesbrand.com\/en\/services\/packaging-design\/","og_site_name":"Theyesbrand","article_publisher":"https:\/\/www.facebook.com\/theyesbrand\/","article_modified_time":"2025-11-05T19:20:34+00:00","twitter_card":"summary_large_image","twitter_misc":{"Est. reading time":"2 minutes"},"schema":{"@context":"https:\/\/schema.org","@graph":[{"@type":"WebPage","@id":"https:\/\/theyesbrand.com\/en\/services\/packaging-design\/","url":"https:\/\/theyesbrand.com\/en\/services\/packaging-design\/","name":"Agencia de Dise\u00f1o de Packaging Barcelona - Theyesbrand","isPartOf":{"@id":"https:\/\/theyesbrand.com\/en\/#website"},"datePublished":"2023-03-01T22:43:50+00:00","dateModified":"2025-11-05T19:20:34+00:00","description":"Somos tu agencia de dise\u00f1o de Packaging en Barcelona y Madrid. Somos expertos en dise\u00f1o de envases y etiquetas para la industria farmac\u00e9utica y de la alimentaci\u00f3n.","breadcrumb":{"@id":"https:\/\/theyesbrand.com\/en\/services\/packaging-design\/#breadcrumb"},"inLanguage":"en-US","potentialAction":[{"@type":"ReadAction","target":["https:\/\/theyesbrand.com\/en\/services\/packaging-design\/"]}]},{"@type":"BreadcrumbList","@id":"https:\/\/theyesbrand.com\/en\/services\/packaging-design\/#breadcrumb","itemListElement":[{"@type":"ListItem","position":1,"name":"Inicio","item":"https:\/\/theyesbrand.com\/en\/"},{"@type":"ListItem","position":2,"name":"Services","item":"https:\/\/theyesbrand.com\/en\/services\/"},{"@type":"ListItem","position":3,"name":"Packaging"}]},{"@type":"WebSite","@id":"https:\/\/theyesbrand.com\/en\/#website","url":"https:\/\/theyesbrand.com\/en\/","name":"Theyesbrand","description":"Packaging and Branding Agency","publisher":{"@id":"https:\/\/theyesbrand.com\/en\/#organization"},"potentialAction":[{"@type":"SearchAction","target":{"@type":"EntryPoint","urlTemplate":"https:\/\/theyesbrand.com\/en\/?s={search_term_string}"},"query-input":{"@type":"PropertyValueSpecification","valueRequired":true,"valueName":"search_term_string"}}],"inLanguage":"en-US"},{"@type":"Organization","@id":"https:\/\/theyesbrand.com\/en\/#organization","name":"The Yes Brand - Agencia Branding Barcelona","url":"https:\/\/theyesbrand.com\/en\/","logo":{"@type":"ImageObject","inLanguage":"en-US","@id":"https:\/\/theyesbrand.com\/en\/#\/schema\/logo\/image\/","url":"https:\/\/theyesbrand.com\/app\/uploads\/2022\/05\/theyesbrand-logo.png","contentUrl":"https:\/\/theyesbrand.com\/app\/uploads\/2022\/05\/theyesbrand-logo.png","width":1237,"height":1024,"caption":"The Yes Brand - Agencia Branding Barcelona"},"image":{"@id":"https:\/\/theyesbrand.com\/en\/#\/schema\/logo\/image\/"},"sameAs":["https:\/\/www.facebook.com\/theyesbrand\/","https:\/\/www.linkedin.com\/company\/theyesbrand\/","https:\/\/www.instagram.com\/theyesbrand\/","https:\/\/vimeo.com\/user126401609"]}]}},"_links":{"self":[{"href":"https:\/\/theyesbrand.com\/en\/wp-json\/wp\/v2\/pages\/2086","targetHints":{"allow":["GET"]}}],"collection":[{"href":"https:\/\/theyesbrand.com\/en\/wp-json\/wp\/v2\/pages"}],"about":[{"href":"https:\/\/theyesbrand.com\/en\/wp-json\/wp\/v2\/types\/page"}],"author":[{"embeddable":true,"href":"https:\/\/theyesbrand.com\/en\/wp-json\/wp\/v2\/users\/1"}],"replies":[{"embeddable":true,"href":"https:\/\/theyesbrand.com\/en\/wp-json\/wp\/v2\/comments?post=2086"}],"version-history":[{"count":5,"href":"https:\/\/theyesbrand.com\/en\/wp-json\/wp\/v2\/pages\/2086\/revisions"}],"predecessor-version":[{"id":2790,"href":"https:\/\/theyesbrand.com\/en\/wp-json\/wp\/v2\/pages\/2086\/revisions\/2790"}],"up":[{"embeddable":true,"href":"https:\/\/theyesbrand.com\/en\/wp-json\/wp\/v2\/pages\/2070"}],"wp:attachment":[{"href":"https:\/\/theyesbrand.com\/en\/wp-json\/wp\/v2\/media?parent=2086"}],"curies":[{"name":"wp","href":"https:\/\/api.w.org\/{rel}","templated":true}]}}