{"id":2090,"date":"2023-03-01T22:44:38","date_gmt":"2023-03-01T22:44:38","guid":{"rendered":"https:\/\/theyesbrand.com\/services\/agencia-diseno-grafico\/"},"modified":"2025-11-05T19:18:58","modified_gmt":"2025-11-05T19:18:58","slug":"graphic-design-agency","status":"publish","type":"page","link":"https:\/\/theyesbrand.com\/en\/services\/graphic-design-agency\/","title":{"rendered":"Dise\u00f1o gr\u00e1fico"},"content":{"rendered":"<section class=\"pt-custom flex-1 bg-primary-600\">\n    <div class=\"flex flex-col gap-10 pb-8 pt-4 md:pb-16 md:pt-11 xl:pb-24\">\n      <div class=\"px-4 md:px-8 lg:px-12 xl:px-14\">\n        \n        <a class=\"flex items-center gap-4 text-xl font-light text-white decoration-1 underline-offset-4 hover:underline\" href=\"https:\/\/theyesbrand.com\/en\/services\/\">\n          <svg class=\"w-5 h-auto rotate-180\" xmlns=\"http:\/\/www.w3.org\/2000\/svg\" viewBox=\"0 0 40.225 13.1\"><path data-name=\"Uni\u00f3n 1\" d=\"m28.465 12.233 9.055-5.184H0v-1h37.239L28.459.86l.508-.86 10.24 6.049h.023v.014l.994.587-.746.428L28.961 13.1Z\" fill=\"currentColor\"\/><\/svg>\n          Volver\n        <\/a>\n      <\/div>\n      <div class=\"container grid grid-cols-12 gap-x-5 gap-y-12 text-white\">\n        <div class=\"col-span-12 lg:col-span-6 2xl:col-span-5 2xl:col-start-2\">\n          <div class=\"flex max-w-xl flex-col gap-6 lg:gap-12\">\n                          <h1 class=\"text-5xl font-medium uppercase md:text-6xl xl:text-[70px] xl:leading-[1.10]\"><p>Your <em>Graphic Design<\/em> Agency<\/p>\n<\/h1>\n                                      <p class=\"max-w-[540px] text-xl font-light 2xl:text-2xl\">We cover the graphic and web design of your brand for all your areas of operation. The perfect blend of creativity, design, and strategy to boost your sales. Showcase your identity through various design forms and achieve your communication goals.<\/p>\n                      <\/div>\n        <\/div>\n        <div class=\"col-span-12 flex flex-col gap-8 lg:col-span-6 2xl:col-span-5\">\n                      \n            <div class=\"service flex flex-col gap-4 font-light\">\n              <a class=\"service-title flex items-center gap-4 border-b border-white pb-4\" href=\"#open-service-detail\">\n                <p class=\"text-xl 2xl:text-2xl\">Corporate Design<\/p>\n                <div class=\"relative flex h-3 w-3 items-center justify-center\">\n                  <div class=\"absolute inset-x-0 h-0.5 bg-white\"><\/div>\n                  <div class=\"service-plus-vertical absolute inset-y-0 w-0.5 bg-white transition-transform\"><\/div>\n                <\/div>\n              <\/a>\n              <div class=\"service-text-hidden service-text hidden\">\n                <p class=\"text-xl 2xl:text-2xl\">Present yourself to your clients clearly and directly. It is fundamental to define and set the style and personality of a brand.<\/p>\n              <\/div>\n            <\/div>\n                      \n            <div class=\"service flex flex-col gap-4 font-light\">\n              <a class=\"service-title flex items-center gap-4 border-b border-white pb-4\" href=\"#open-service-detail\">\n                <p class=\"text-xl 2xl:text-2xl\">Editorial Design<\/p>\n                <div class=\"relative flex h-3 w-3 items-center justify-center\">\n                  <div class=\"absolute inset-x-0 h-0.5 bg-white\"><\/div>\n                  <div class=\"service-plus-vertical absolute inset-y-0 w-0.5 bg-white transition-transform\"><\/div>\n                <\/div>\n              <\/a>\n              <div class=\"service-text-hidden service-text hidden\">\n                <p class=\"text-xl 2xl:text-2xl\">We design both the layout of the content and the structure, both in physical and digital formats.<\/p>\n              <\/div>\n            <\/div>\n                      \n            <div class=\"service flex flex-col gap-4 font-light\">\n              <a class=\"service-title flex items-center gap-4 border-b border-white pb-4\" href=\"#open-service-detail\">\n                <p class=\"text-xl 2xl:text-2xl\">Art Direction<\/p>\n                <div class=\"relative flex h-3 w-3 items-center justify-center\">\n                  <div class=\"absolute inset-x-0 h-0.5 bg-white\"><\/div>\n                  <div class=\"service-plus-vertical absolute inset-y-0 w-0.5 bg-white transition-transform\"><\/div>\n                <\/div>\n              <\/a>\n              <div class=\"service-text-hidden service-text hidden\">\n                <p class=\"text-xl 2xl:text-2xl\">Managing the pre-production and production of a project and doing so with competence and from a creative perspective.<\/p>\n              <\/div>\n            <\/div>\n                      \n            <div class=\"service flex flex-col gap-4 font-light\">\n              <a class=\"service-title flex items-center gap-4 border-b border-white pb-4\" href=\"#open-service-detail\">\n                <p class=\"text-xl 2xl:text-2xl\">Creativity<\/p>\n                <div class=\"relative flex h-3 w-3 items-center justify-center\">\n                  <div class=\"absolute inset-x-0 h-0.5 bg-white\"><\/div>\n                  <div class=\"service-plus-vertical absolute inset-y-0 w-0.5 bg-white transition-transform\"><\/div>\n                <\/div>\n              <\/a>\n              <div class=\"service-text-hidden service-text hidden\">\n                <p class=\"text-xl 2xl:text-2xl\">When ideas come to life. Creativity plays a significant role in graphic design companies and the experiences they deliver to your target audience.<\/p>\n              <\/div>\n            <\/div>\n                      \n            <div class=\"service flex flex-col gap-4 font-light\">\n              <a class=\"service-title flex items-center gap-4 border-b border-white pb-4\" href=\"#open-service-detail\">\n                <p class=\"text-xl 2xl:text-2xl\">Stand Design<\/p>\n                <div class=\"relative flex h-3 w-3 items-center justify-center\">\n                  <div class=\"absolute inset-x-0 h-0.5 bg-white\"><\/div>\n                  <div class=\"service-plus-vertical absolute inset-y-0 w-0.5 bg-white transition-transform\"><\/div>\n                <\/div>\n              <\/a>\n              <div class=\"service-text-hidden service-text hidden\">\n                <p class=\"text-xl 2xl:text-2xl\">Designing, planning, and building a space where the brand or products will be the center of attention and constantly evaluated by customers and suppliers requires experience and creative vision.<\/p>\n              <\/div>\n            <\/div>\n                  <\/div>\n      <\/div>\n    <\/div>\n  <\/section>\n\n\n<section>\n  <div\n    class=\"w-full  min-h-screen grid-cols-1 grid-row-3 lg:grid-cols-2 lg:grid-rows-2  grid\">\n\n        <a class=\" lg:row-span-2    project-card-link  group relative flex items-center justify-center lg:min-h-[550px] 2xl:min-h-[750px]\"\n          href=\"https:\/\/theyesbrand.com\/en\/projects\/custom-culinary\/\" target=\"_self\">\n                                    <img loading=\"lazy\" decoding=\"async\" width=\"1642\" height=\"2560\" src=\"https:\/\/theyesbrand.com\/app\/uploads\/2023\/03\/anuncio-gold-label-scaled.jpeg\" class=\"relative lg:absolute lg:inset-0 w-full lg:h-full lg:object-cover\" alt=\"P\u00e1gina de cat\u00e1logo custom culinary sobre fondo gris\" srcset=\"https:\/\/theyesbrand.com\/app\/uploads\/2023\/03\/anuncio-gold-label-scaled.jpeg 1642w, https:\/\/theyesbrand.com\/app\/uploads\/2023\/03\/anuncio-gold-label-192x300.jpeg 192w, https:\/\/theyesbrand.com\/app\/uploads\/2023\/03\/anuncio-gold-label-657x1024.jpeg 657w, https:\/\/theyesbrand.com\/app\/uploads\/2023\/03\/anuncio-gold-label-768x1198.jpeg 768w, https:\/\/theyesbrand.com\/app\/uploads\/2023\/03\/anuncio-gold-label-985x1536.jpeg 985w, https:\/\/theyesbrand.com\/app\/uploads\/2023\/03\/anuncio-gold-label-1313x2048.jpeg 1313w\" sizes=\"auto, (max-width: 1642px) 100vw, 1642px\" \/>\n                      \n                      \n          \n          <div class=\"absolute inset-0 bg-gray-600 opacity-0 transition-opacity duration-300 ease-in-custom group-hover:opacity-60 group-focus:opacity-60\">\n          <\/div>\n\n          <div class=\"absolute z-10 flex flex-col gap-2 p-4 text-center text-white opacity-0 transition-opacity duration-300 ease-in-custom group-hover:opacity-100 group-focus:opacity-100 md:gap-4 md:p-8\">\n            <h2 class=\"text-4xl font-medium uppercase sm:text-5xl md:text-6xl\">Custom Culinary<\/h2>\n                          <article class=\"text-sm uppercase sm:text-base md:text-lg\">Always by your side. Always helping you<\/article>\n                      <\/div>\n        <\/a>\n                                                <a class=\"    project-card-link  group relative flex items-center justify-center lg:min-h-[550px] 2xl:min-h-[750px]\"\n          href=\"https:\/\/theyesbrand.com\/en\/projects\/fresh-miles\/\" target=\"_self\">\n                                    <img loading=\"lazy\" decoding=\"async\" width=\"1920\" height=\"1497\" src=\"https:\/\/theyesbrand.com\/app\/uploads\/2023\/03\/tarjeta-freshmiles.jpeg\" class=\"relative lg:absolute lg:inset-0 w-full lg:h-full lg:object-cover\" alt=\"Frontal y dorsal de tarjeta de visita fresh miles en verde y beige\" srcset=\"https:\/\/theyesbrand.com\/app\/uploads\/2023\/03\/tarjeta-freshmiles.jpeg 1920w, https:\/\/theyesbrand.com\/app\/uploads\/2023\/03\/tarjeta-freshmiles-300x234.jpeg 300w, https:\/\/theyesbrand.com\/app\/uploads\/2023\/03\/tarjeta-freshmiles-1024x798.jpeg 1024w, https:\/\/theyesbrand.com\/app\/uploads\/2023\/03\/tarjeta-freshmiles-768x599.jpeg 768w, https:\/\/theyesbrand.com\/app\/uploads\/2023\/03\/tarjeta-freshmiles-1536x1198.jpeg 1536w\" sizes=\"auto, (max-width: 1920px) 100vw, 1920px\" \/>\n                      \n                      \n          \n          <div class=\"absolute inset-0 bg-gray-600 opacity-0 transition-opacity duration-300 ease-in-custom group-hover:opacity-60 group-focus:opacity-60\">\n          <\/div>\n\n          <div class=\"absolute z-10 flex flex-col gap-2 p-4 text-center text-white opacity-0 transition-opacity duration-300 ease-in-custom group-hover:opacity-100 group-focus:opacity-100 md:gap-4 md:p-8\">\n            <h2 class=\"text-4xl font-medium uppercase sm:text-5xl md:text-6xl\">Fresh Miles<\/h2>\n                      <\/div>\n        <\/a>\n                                                <a class=\"  project-card-link  group relative flex items-center justify-center lg:min-h-[550px] 2xl:min-h-[750px]\"\n          href=\"https:\/\/theyesbrand.com\/en\/projects\/brickinvest\/\" target=\"_self\">\n                                    <img loading=\"lazy\" decoding=\"async\" width=\"1920\" height=\"1497\" src=\"https:\/\/theyesbrand.com\/app\/uploads\/2023\/03\/Brickvest-imagen-corporativo.png\" class=\"relative lg:absolute lg:inset-0 w-full lg:h-full lg:object-cover\" alt=\"Set de papeleria con flyer y tarjetas de visita de brickinvest\" srcset=\"https:\/\/theyesbrand.com\/app\/uploads\/2023\/03\/Brickvest-imagen-corporativo.png 1920w, https:\/\/theyesbrand.com\/app\/uploads\/2023\/03\/Brickvest-imagen-corporativo-300x234.png 300w, https:\/\/theyesbrand.com\/app\/uploads\/2023\/03\/Brickvest-imagen-corporativo-1024x798.png 1024w, https:\/\/theyesbrand.com\/app\/uploads\/2023\/03\/Brickvest-imagen-corporativo-768x599.png 768w, https:\/\/theyesbrand.com\/app\/uploads\/2023\/03\/Brickvest-imagen-corporativo-1536x1198.png 1536w\" sizes=\"auto, (max-width: 1920px) 100vw, 1920px\" \/>\n                      \n                      \n          \n          <div class=\"absolute inset-0 bg-gray-600 opacity-0 transition-opacity duration-300 ease-in-custom group-hover:opacity-60 group-focus:opacity-60\">\n          <\/div>\n\n          <div class=\"absolute z-10 flex flex-col gap-2 p-4 text-center text-white opacity-0 transition-opacity duration-300 ease-in-custom group-hover:opacity-100 group-focus:opacity-100 md:gap-4 md:p-8\">\n            <h2 class=\"text-4xl font-medium uppercase sm:text-5xl md:text-6xl\">Brickinvest<\/h2>\n                          <article class=\"text-sm uppercase sm:text-base md:text-lg\">Homes to be proud of<\/article>\n                      <\/div>\n        <\/a>\n                  \n  <\/div>\n<\/section>\n","protected":false},"excerpt":{"rendered":"","protected":false},"author":1,"featured_media":0,"parent":2070,"menu_order":0,"comment_status":"closed","ping_status":"closed","template":"template-single-service.blade.php","meta":{"_acf_changed":false,"footnotes":""},"class_list":["post-2090","page","type-page","status-publish","hentry"],"acf":[],"yoast_head":"<!-- This site is optimized with the Yoast SEO plugin v27.3 - https:\/\/yoast.com\/product\/yoast-seo-wordpress\/ -->\n<title>Agencia de Dise\u00f1o Gr\u00e1fico Barcelona - Theyesbrand<\/title>\n<meta name=\"description\" content=\"Somos tu agencia de dise\u00f1o gr\u00e1fico en Barcelona y madrid. Desde hace 10 a\u00f1os desarrollamos proyectos de identidad corporativa, dise\u00f1o de logotipo y dise\u00f1o editorial.\" \/>\n<meta name=\"robots\" content=\"index, follow, max-snippet:-1, max-image-preview:large, max-video-preview:-1\" \/>\n<link rel=\"canonical\" href=\"https:\/\/theyesbrand.com\/en\/services\/graphic-design-agency\/\" \/>\n<meta property=\"og:locale\" content=\"en_US\" \/>\n<meta property=\"og:type\" content=\"article\" \/>\n<meta property=\"og:title\" content=\"Agencia de Dise\u00f1o Gr\u00e1fico Barcelona - Theyesbrand\" \/>\n<meta property=\"og:description\" content=\"Somos tu agencia de dise\u00f1o gr\u00e1fico en Barcelona y madrid. Desde hace 10 a\u00f1os desarrollamos proyectos de identidad corporativa, dise\u00f1o de logotipo y dise\u00f1o editorial.\" \/>\n<meta property=\"og:url\" content=\"https:\/\/theyesbrand.com\/en\/services\/graphic-design-agency\/\" \/>\n<meta property=\"og:site_name\" content=\"Theyesbrand\" \/>\n<meta property=\"article:publisher\" content=\"https:\/\/www.facebook.com\/theyesbrand\/\" \/>\n<meta property=\"article:modified_time\" content=\"2025-11-05T19:18:58+00:00\" \/>\n<meta name=\"twitter:card\" content=\"summary_large_image\" \/>\n<meta name=\"twitter:label1\" content=\"Est. reading time\" \/>\n\t<meta name=\"twitter:data1\" content=\"1 minute\" \/>\n<script type=\"application\/ld+json\" class=\"yoast-schema-graph\">{\"@context\":\"https:\\\/\\\/schema.org\",\"@graph\":[{\"@type\":\"WebPage\",\"@id\":\"https:\\\/\\\/theyesbrand.com\\\/en\\\/services\\\/graphic-design-agency\\\/\",\"url\":\"https:\\\/\\\/theyesbrand.com\\\/en\\\/services\\\/graphic-design-agency\\\/\",\"name\":\"Agencia de Dise\u00f1o Gr\u00e1fico Barcelona - Theyesbrand\",\"isPartOf\":{\"@id\":\"https:\\\/\\\/theyesbrand.com\\\/en\\\/#website\"},\"datePublished\":\"2023-03-01T22:44:38+00:00\",\"dateModified\":\"2025-11-05T19:18:58+00:00\",\"description\":\"Somos tu agencia de dise\u00f1o gr\u00e1fico en Barcelona y madrid. Desde hace 10 a\u00f1os desarrollamos proyectos de identidad corporativa, dise\u00f1o de logotipo y dise\u00f1o editorial.\",\"breadcrumb\":{\"@id\":\"https:\\\/\\\/theyesbrand.com\\\/en\\\/services\\\/graphic-design-agency\\\/#breadcrumb\"},\"inLanguage\":\"en-US\",\"potentialAction\":[{\"@type\":\"ReadAction\",\"target\":[\"https:\\\/\\\/theyesbrand.com\\\/en\\\/services\\\/graphic-design-agency\\\/\"]}]},{\"@type\":\"BreadcrumbList\",\"@id\":\"https:\\\/\\\/theyesbrand.com\\\/en\\\/services\\\/graphic-design-agency\\\/#breadcrumb\",\"itemListElement\":[{\"@type\":\"ListItem\",\"position\":1,\"name\":\"Inicio\",\"item\":\"https:\\\/\\\/theyesbrand.com\\\/en\\\/\"},{\"@type\":\"ListItem\",\"position\":2,\"name\":\"Services\",\"item\":\"https:\\\/\\\/theyesbrand.com\\\/en\\\/services\\\/\"},{\"@type\":\"ListItem\",\"position\":3,\"name\":\"Dise\u00f1o gr\u00e1fico\"}]},{\"@type\":\"WebSite\",\"@id\":\"https:\\\/\\\/theyesbrand.com\\\/en\\\/#website\",\"url\":\"https:\\\/\\\/theyesbrand.com\\\/en\\\/\",\"name\":\"Theyesbrand\",\"description\":\"Packaging and Branding Agency\",\"publisher\":{\"@id\":\"https:\\\/\\\/theyesbrand.com\\\/en\\\/#organization\"},\"potentialAction\":[{\"@type\":\"SearchAction\",\"target\":{\"@type\":\"EntryPoint\",\"urlTemplate\":\"https:\\\/\\\/theyesbrand.com\\\/en\\\/?s={search_term_string}\"},\"query-input\":{\"@type\":\"PropertyValueSpecification\",\"valueRequired\":true,\"valueName\":\"search_term_string\"}}],\"inLanguage\":\"en-US\"},{\"@type\":\"Organization\",\"@id\":\"https:\\\/\\\/theyesbrand.com\\\/en\\\/#organization\",\"name\":\"The Yes Brand - Agencia Branding Barcelona\",\"url\":\"https:\\\/\\\/theyesbrand.com\\\/en\\\/\",\"logo\":{\"@type\":\"ImageObject\",\"inLanguage\":\"en-US\",\"@id\":\"https:\\\/\\\/theyesbrand.com\\\/en\\\/#\\\/schema\\\/logo\\\/image\\\/\",\"url\":\"https:\\\/\\\/theyesbrand.com\\\/app\\\/uploads\\\/2022\\\/05\\\/theyesbrand-logo.png\",\"contentUrl\":\"https:\\\/\\\/theyesbrand.com\\\/app\\\/uploads\\\/2022\\\/05\\\/theyesbrand-logo.png\",\"width\":1237,\"height\":1024,\"caption\":\"The Yes Brand - Agencia Branding Barcelona\"},\"image\":{\"@id\":\"https:\\\/\\\/theyesbrand.com\\\/en\\\/#\\\/schema\\\/logo\\\/image\\\/\"},\"sameAs\":[\"https:\\\/\\\/www.facebook.com\\\/theyesbrand\\\/\",\"https:\\\/\\\/www.linkedin.com\\\/company\\\/theyesbrand\\\/\",\"https:\\\/\\\/www.instagram.com\\\/theyesbrand\\\/\",\"https:\\\/\\\/vimeo.com\\\/user126401609\"]}]}<\/script>\n<!-- \/ Yoast SEO plugin. -->","yoast_head_json":{"title":"Agencia de Dise\u00f1o Gr\u00e1fico Barcelona - Theyesbrand","description":"Somos tu agencia de dise\u00f1o gr\u00e1fico en Barcelona y madrid. Desde hace 10 a\u00f1os desarrollamos proyectos de identidad corporativa, dise\u00f1o de logotipo y dise\u00f1o editorial.","robots":{"index":"index","follow":"follow","max-snippet":"max-snippet:-1","max-image-preview":"max-image-preview:large","max-video-preview":"max-video-preview:-1"},"canonical":"https:\/\/theyesbrand.com\/en\/services\/graphic-design-agency\/","og_locale":"en_US","og_type":"article","og_title":"Agencia de Dise\u00f1o Gr\u00e1fico Barcelona - Theyesbrand","og_description":"Somos tu agencia de dise\u00f1o gr\u00e1fico en Barcelona y madrid. Desde hace 10 a\u00f1os desarrollamos proyectos de identidad corporativa, dise\u00f1o de logotipo y dise\u00f1o editorial.","og_url":"https:\/\/theyesbrand.com\/en\/services\/graphic-design-agency\/","og_site_name":"Theyesbrand","article_publisher":"https:\/\/www.facebook.com\/theyesbrand\/","article_modified_time":"2025-11-05T19:18:58+00:00","twitter_card":"summary_large_image","twitter_misc":{"Est. reading time":"1 minute"},"schema":{"@context":"https:\/\/schema.org","@graph":[{"@type":"WebPage","@id":"https:\/\/theyesbrand.com\/en\/services\/graphic-design-agency\/","url":"https:\/\/theyesbrand.com\/en\/services\/graphic-design-agency\/","name":"Agencia de Dise\u00f1o Gr\u00e1fico Barcelona - Theyesbrand","isPartOf":{"@id":"https:\/\/theyesbrand.com\/en\/#website"},"datePublished":"2023-03-01T22:44:38+00:00","dateModified":"2025-11-05T19:18:58+00:00","description":"Somos tu agencia de dise\u00f1o gr\u00e1fico en Barcelona y madrid. Desde hace 10 a\u00f1os desarrollamos proyectos de identidad corporativa, dise\u00f1o de logotipo y dise\u00f1o editorial.","breadcrumb":{"@id":"https:\/\/theyesbrand.com\/en\/services\/graphic-design-agency\/#breadcrumb"},"inLanguage":"en-US","potentialAction":[{"@type":"ReadAction","target":["https:\/\/theyesbrand.com\/en\/services\/graphic-design-agency\/"]}]},{"@type":"BreadcrumbList","@id":"https:\/\/theyesbrand.com\/en\/services\/graphic-design-agency\/#breadcrumb","itemListElement":[{"@type":"ListItem","position":1,"name":"Inicio","item":"https:\/\/theyesbrand.com\/en\/"},{"@type":"ListItem","position":2,"name":"Services","item":"https:\/\/theyesbrand.com\/en\/services\/"},{"@type":"ListItem","position":3,"name":"Dise\u00f1o gr\u00e1fico"}]},{"@type":"WebSite","@id":"https:\/\/theyesbrand.com\/en\/#website","url":"https:\/\/theyesbrand.com\/en\/","name":"Theyesbrand","description":"Packaging and Branding Agency","publisher":{"@id":"https:\/\/theyesbrand.com\/en\/#organization"},"potentialAction":[{"@type":"SearchAction","target":{"@type":"EntryPoint","urlTemplate":"https:\/\/theyesbrand.com\/en\/?s={search_term_string}"},"query-input":{"@type":"PropertyValueSpecification","valueRequired":true,"valueName":"search_term_string"}}],"inLanguage":"en-US"},{"@type":"Organization","@id":"https:\/\/theyesbrand.com\/en\/#organization","name":"The Yes Brand - Agencia Branding Barcelona","url":"https:\/\/theyesbrand.com\/en\/","logo":{"@type":"ImageObject","inLanguage":"en-US","@id":"https:\/\/theyesbrand.com\/en\/#\/schema\/logo\/image\/","url":"https:\/\/theyesbrand.com\/app\/uploads\/2022\/05\/theyesbrand-logo.png","contentUrl":"https:\/\/theyesbrand.com\/app\/uploads\/2022\/05\/theyesbrand-logo.png","width":1237,"height":1024,"caption":"The Yes Brand - Agencia Branding Barcelona"},"image":{"@id":"https:\/\/theyesbrand.com\/en\/#\/schema\/logo\/image\/"},"sameAs":["https:\/\/www.facebook.com\/theyesbrand\/","https:\/\/www.linkedin.com\/company\/theyesbrand\/","https:\/\/www.instagram.com\/theyesbrand\/","https:\/\/vimeo.com\/user126401609"]}]}},"_links":{"self":[{"href":"https:\/\/theyesbrand.com\/en\/wp-json\/wp\/v2\/pages\/2090","targetHints":{"allow":["GET"]}}],"collection":[{"href":"https:\/\/theyesbrand.com\/en\/wp-json\/wp\/v2\/pages"}],"about":[{"href":"https:\/\/theyesbrand.com\/en\/wp-json\/wp\/v2\/types\/page"}],"author":[{"embeddable":true,"href":"https:\/\/theyesbrand.com\/en\/wp-json\/wp\/v2\/users\/1"}],"replies":[{"embeddable":true,"href":"https:\/\/theyesbrand.com\/en\/wp-json\/wp\/v2\/comments?post=2090"}],"version-history":[{"count":5,"href":"https:\/\/theyesbrand.com\/en\/wp-json\/wp\/v2\/pages\/2090\/revisions"}],"predecessor-version":[{"id":2784,"href":"https:\/\/theyesbrand.com\/en\/wp-json\/wp\/v2\/pages\/2090\/revisions\/2784"}],"up":[{"embeddable":true,"href":"https:\/\/theyesbrand.com\/en\/wp-json\/wp\/v2\/pages\/2070"}],"wp:attachment":[{"href":"https:\/\/theyesbrand.com\/en\/wp-json\/wp\/v2\/media?parent=2090"}],"curies":[{"name":"wp","href":"https:\/\/api.w.org\/{rel}","templated":true}]}}