{"id":2094,"date":"2023-03-01T22:45:28","date_gmt":"2023-03-01T22:45:28","guid":{"rendered":"https:\/\/theyesbrand.com\/services\/agencia-comunicacion\/"},"modified":"2025-11-05T19:18:08","modified_gmt":"2025-11-05T19:18:08","slug":"communication-agency","status":"publish","type":"page","link":"https:\/\/theyesbrand.com\/en\/services\/communication-agency\/","title":{"rendered":"Audiovisual communication"},"content":{"rendered":"<section class=\"pt-custom flex-1 bg-primary-600\">\n    <div class=\"flex flex-col gap-10 pb-8 pt-4 md:pb-16 md:pt-11 xl:pb-24\">\n      <div class=\"px-4 md:px-8 lg:px-12 xl:px-14\">\n        \n        <a class=\"flex items-center gap-4 text-xl font-light text-white decoration-1 underline-offset-4 hover:underline\" href=\"https:\/\/theyesbrand.com\/en\/services\/\">\n          <svg class=\"w-5 h-auto rotate-180\" xmlns=\"http:\/\/www.w3.org\/2000\/svg\" viewBox=\"0 0 40.225 13.1\"><path data-name=\"Uni\u00f3n 1\" d=\"m28.465 12.233 9.055-5.184H0v-1h37.239L28.459.86l.508-.86 10.24 6.049h.023v.014l.994.587-.746.428L28.961 13.1Z\" fill=\"currentColor\"\/><\/svg>\n          Volver\n        <\/a>\n      <\/div>\n      <div class=\"container grid grid-cols-12 gap-x-5 gap-y-12 text-white\">\n        <div class=\"col-span-12 lg:col-span-6 2xl:col-span-5 2xl:col-start-2\">\n          <div class=\"flex max-w-xl flex-col gap-6 lg:gap-12\">\n                          <h1 class=\"text-5xl font-medium uppercase md:text-6xl xl:text-[70px] xl:leading-[1.10]\"><p>Your <em>Audiovisual Communication<\/em> Agency<\/p>\n<\/h1>\n                                      <p class=\"max-w-[540px] text-xl font-light 2xl:text-2xl\">We handle all phases of an audiovisual project: planning, execution, and post-production to create value for your brand with high-quality digital content. It&#8217;s essential to present audiovisual content to your audience for a direct impact, delivering clear, engaging, and personality-infused messages.<\/p>\n                      <\/div>\n        <\/div>\n        <div class=\"col-span-12 flex flex-col gap-8 lg:col-span-6 2xl:col-span-5\">\n                      \n            <div class=\"service flex flex-col gap-4 font-light\">\n              <a class=\"service-title flex items-center gap-4 border-b border-white pb-4\" href=\"#open-service-detail\">\n                <p class=\"text-xl 2xl:text-2xl\">Corporate Video<\/p>\n                <div class=\"relative flex h-3 w-3 items-center justify-center\">\n                  <div class=\"absolute inset-x-0 h-0.5 bg-white\"><\/div>\n                  <div class=\"service-plus-vertical absolute inset-y-0 w-0.5 bg-white transition-transform\"><\/div>\n                <\/div>\n              <\/a>\n              <div class=\"service-text-hidden service-text hidden\">\n                <p class=\"text-xl 2xl:text-2xl\">The video showcasing your company, values, and beliefs is the most appealing and emotional way to tell your story and reach your target audience.<\/p>\n              <\/div>\n            <\/div>\n                      \n            <div class=\"service flex flex-col gap-4 font-light\">\n              <a class=\"service-title flex items-center gap-4 border-b border-white pb-4\" href=\"#open-service-detail\">\n                <p class=\"text-xl 2xl:text-2xl\">Motion Graphics &#038; Animation<\/p>\n                <div class=\"relative flex h-3 w-3 items-center justify-center\">\n                  <div class=\"absolute inset-x-0 h-0.5 bg-white\"><\/div>\n                  <div class=\"service-plus-vertical absolute inset-y-0 w-0.5 bg-white transition-transform\"><\/div>\n                <\/div>\n              <\/a>\n              <div class=\"service-text-hidden service-text hidden\">\n                <p class=\"text-xl 2xl:text-2xl\">At TheYesBrand, we create extraordinary animations and image effects through design and motion graphics. The storyboard, production, and execution, as well as post-production and editing, must be fully aligned with the objectives set in the initial briefing.<\/p>\n              <\/div>\n            <\/div>\n                      \n            <div class=\"service flex flex-col gap-4 font-light\">\n              <a class=\"service-title flex items-center gap-4 border-b border-white pb-4\" href=\"#open-service-detail\">\n                <p class=\"text-xl 2xl:text-2xl\">Iconography<\/p>\n                <div class=\"relative flex h-3 w-3 items-center justify-center\">\n                  <div class=\"absolute inset-x-0 h-0.5 bg-white\"><\/div>\n                  <div class=\"service-plus-vertical absolute inset-y-0 w-0.5 bg-white transition-transform\"><\/div>\n                <\/div>\n              <\/a>\n              <div class=\"service-text-hidden service-text hidden\">\n                <p class=\"text-xl 2xl:text-2xl\">Our team of designers can transform concepts into images that transcend language barriers, as they are understandable at a glance. Iconography is an art, and with our experience, we know how to capture it. At TheYesBrand, we work on iconography for international companies.<\/p>\n              <\/div>\n            <\/div>\n                      \n            <div class=\"service flex flex-col gap-4 font-light\">\n              <a class=\"service-title flex items-center gap-4 border-b border-white pb-4\" href=\"#open-service-detail\">\n                <p class=\"text-xl 2xl:text-2xl\">2D &#038; 3D Graphics and Models<\/p>\n                <div class=\"relative flex h-3 w-3 items-center justify-center\">\n                  <div class=\"absolute inset-x-0 h-0.5 bg-white\"><\/div>\n                  <div class=\"service-plus-vertical absolute inset-y-0 w-0.5 bg-white transition-transform\"><\/div>\n                <\/div>\n              <\/a>\n              <div class=\"service-text-hidden service-text hidden\">\n                <p class=\"text-xl 2xl:text-2xl\">We create 2D and 3D graphics for dynamic presentations that capture the viewer&#8217;s attention and help assess and position the brand or product.<\/p>\n              <\/div>\n            <\/div>\n                      \n            <div class=\"service flex flex-col gap-4 font-light\">\n              <a class=\"service-title flex items-center gap-4 border-b border-white pb-4\" href=\"#open-service-detail\">\n                <p class=\"text-xl 2xl:text-2xl\">Photography<\/p>\n                <div class=\"relative flex h-3 w-3 items-center justify-center\">\n                  <div class=\"absolute inset-x-0 h-0.5 bg-white\"><\/div>\n                  <div class=\"service-plus-vertical absolute inset-y-0 w-0.5 bg-white transition-transform\"><\/div>\n                <\/div>\n              <\/a>\n              <div class=\"service-text-hidden service-text hidden\">\n                <p class=\"text-xl 2xl:text-2xl\">A picture is worth a thousand words. Photography is one of the most important aspects of branding. TheYesBrand has extensive experience in photoshoots focused on highlighting the concepts described in the project briefing. Planning the session well, executing it with confidence and competence, and carrying out detailed post-production require experience and knowledge.<\/p>\n              <\/div>\n            <\/div>\n                  <\/div>\n      <\/div>\n    <\/div>\n  <\/section>\n\n\n<section>\n  <div\n    class=\"w-full   grid-cols-1 lg:grid-cols-2  min-h-[460px] md:min-h-[550px] 2xl:min-h-[750px] grid-row-2 lg:grid-rows-1  grid\">\n\n        <a class=\"  order-first     project-card-link  group relative flex min-h-[460px] items-center justify-center md:min-h-[550px] 2xl:min-h-0\"\n          href=\"https:\/\/theyesbrand.com\/en\/projects\/babala\/\" target=\"_self\">\n                      <video class=\"autoplay-video absolute inset-0 h-full w-full object-cover\" loop muted playsinline>\n              <source src=\"https:\/\/theyesbrand.com\/app\/uploads\/2023\/03\/Babala-2.mp4\" type=\"video\/mp4\">\n            <\/video>\n          \n          \n          <div class=\"absolute inset-0 bg-gray-600 opacity-0 transition-opacity duration-300 ease-in-custom group-hover:opacity-60 group-focus:opacity-60\"><\/div>\n\n          <div class=\"relative z-10 flex flex-col gap-2 p-4 text-center text-white opacity-0 transition-opacity duration-300 ease-in-custom group-hover:opacity-100 group-focus:opacity-100 md:gap-4 md:p-8\">\n            <h2 class=\"text-4xl font-medium uppercase sm:text-5xl md:text-6xl\">Babal\u00e0<\/h2>\n                      <\/div>\n        <\/a>\n                          \n                      <a class=\"  order-first lg:order-last    project-card-link  group relative flex min-h-[460px] items-center justify-center md:min-h-[550px] 2xl:min-h-0\"\n          href=\"https:\/\/theyesbrand.com\/en\/projects\/crowe\/\" target=\"_self\">\n                      <video class=\"autoplay-video absolute inset-0 h-full w-full object-cover\" loop muted playsinline>\n              <source src=\"https:\/\/theyesbrand.com\/app\/uploads\/2023\/03\/juliette_packaging.mp4\" type=\"video\/mp4\">\n            <\/video>\n          \n                      \n          \n          <div class=\"absolute inset-0 bg-gray-600 opacity-0 transition-opacity duration-300 ease-in-custom group-hover:opacity-60 group-focus:opacity-60\"><\/div>\n\n          <div class=\"relative z-10 flex flex-col gap-2 p-4 text-center text-white opacity-0 transition-opacity duration-300 ease-in-custom group-hover:opacity-100 group-focus:opacity-100 md:gap-4 md:p-8\">\n            <h2 class=\"text-4xl font-medium uppercase sm:text-5xl md:text-6xl\">Crowe<\/h2>\n                      <\/div>\n        <\/a>\n                  \n  <\/div>\n<\/section>\n\n\n<section>\n  <div\n    class=\"w-full  min-h-screen grid-cols-1 grid-rows-1  grid\">\n\n        <a class=\" project-card-link  group relative flex items-center justify-center\" href=\"https:\/\/theyesbrand.com\/en\/projects\/griffith-foods\/\" target=\"_self\">\n                      <video class=\"autoplay-video absolute inset-0 h-full w-full object-cover\" loop muted playsinline>\n              <source src=\"https:\/\/theyesbrand.com\/app\/uploads\/2023\/03\/griffith-food-video.mp4\" type=\"video\/mp4\">\n            <\/video>\n          \n                      \n          \n          <div class=\"absolute inset-0 bg-gray-600 opacity-0 transition-opacity duration-300 ease-in-custom group-hover:opacity-60 group-focus:opacity-60\"><\/div>\n\n          <div class=\"relative z-10 flex flex-col gap-2 p-4 text-center text-white opacity-0 transition-opacity duration-300 ease-in-custom group-hover:opacity-100 group-focus:opacity-100 md:gap-4 md:p-8\">\n            <h2 class=\"text-4xl font-medium uppercase sm:text-5xl md:text-6xl\">Griffith Foods<\/h2>\n                          <article class=\"text-sm uppercase sm:text-base md:text-lg\">Followed by hundreds, seen by thousands<\/article>\n                      <\/div>\n\n        <\/a>\n                \n  <\/div>\n<\/section>\n","protected":false},"excerpt":{"rendered":"","protected":false},"author":1,"featured_media":0,"parent":2070,"menu_order":0,"comment_status":"closed","ping_status":"closed","template":"template-single-service.blade.php","meta":{"_acf_changed":false,"footnotes":""},"class_list":["post-2094","page","type-page","status-publish","hentry"],"acf":[],"yoast_head":"<!-- This site is optimized with the Yoast SEO plugin v27.3 - https:\/\/yoast.com\/product\/yoast-seo-wordpress\/ -->\n<title>Agencia de Comunicaci\u00f3n Audiovisual - Theyesbrand<\/title>\n<meta name=\"description\" content=\"Somos tu agencia de Comunicaci\u00f3n audiovisual en Barcelona y Madrid. Creamos contenido para impactar a tu p\u00fablico y aportar valor a tu marca.\" \/>\n<meta name=\"robots\" content=\"index, follow, max-snippet:-1, max-image-preview:large, max-video-preview:-1\" \/>\n<link rel=\"canonical\" href=\"https:\/\/theyesbrand.com\/en\/services\/communication-agency\/\" \/>\n<meta property=\"og:locale\" content=\"en_US\" \/>\n<meta property=\"og:type\" content=\"article\" \/>\n<meta property=\"og:title\" content=\"Agencia de Comunicaci\u00f3n Audiovisual - Theyesbrand\" \/>\n<meta property=\"og:description\" content=\"Somos tu agencia de Comunicaci\u00f3n audiovisual en Barcelona y Madrid. Creamos contenido para impactar a tu p\u00fablico y aportar valor a tu marca.\" \/>\n<meta property=\"og:url\" content=\"https:\/\/theyesbrand.com\/en\/services\/communication-agency\/\" \/>\n<meta property=\"og:site_name\" content=\"Theyesbrand\" \/>\n<meta property=\"article:publisher\" content=\"https:\/\/www.facebook.com\/theyesbrand\/\" \/>\n<meta property=\"article:modified_time\" content=\"2025-11-05T19:18:08+00:00\" \/>\n<meta name=\"twitter:card\" content=\"summary_large_image\" \/>\n<meta name=\"twitter:label1\" content=\"Est. reading time\" \/>\n\t<meta name=\"twitter:data1\" content=\"2 minutes\" \/>\n<script type=\"application\/ld+json\" class=\"yoast-schema-graph\">{\"@context\":\"https:\\\/\\\/schema.org\",\"@graph\":[{\"@type\":\"WebPage\",\"@id\":\"https:\\\/\\\/theyesbrand.com\\\/en\\\/services\\\/communication-agency\\\/\",\"url\":\"https:\\\/\\\/theyesbrand.com\\\/en\\\/services\\\/communication-agency\\\/\",\"name\":\"Agencia de Comunicaci\u00f3n Audiovisual - Theyesbrand\",\"isPartOf\":{\"@id\":\"https:\\\/\\\/theyesbrand.com\\\/en\\\/#website\"},\"datePublished\":\"2023-03-01T22:45:28+00:00\",\"dateModified\":\"2025-11-05T19:18:08+00:00\",\"description\":\"Somos tu agencia de Comunicaci\u00f3n audiovisual en Barcelona y Madrid. Creamos contenido para impactar a tu p\u00fablico y aportar valor a tu marca.\",\"breadcrumb\":{\"@id\":\"https:\\\/\\\/theyesbrand.com\\\/en\\\/services\\\/communication-agency\\\/#breadcrumb\"},\"inLanguage\":\"en-US\",\"potentialAction\":[{\"@type\":\"ReadAction\",\"target\":[\"https:\\\/\\\/theyesbrand.com\\\/en\\\/services\\\/communication-agency\\\/\"]}]},{\"@type\":\"BreadcrumbList\",\"@id\":\"https:\\\/\\\/theyesbrand.com\\\/en\\\/services\\\/communication-agency\\\/#breadcrumb\",\"itemListElement\":[{\"@type\":\"ListItem\",\"position\":1,\"name\":\"Inicio\",\"item\":\"https:\\\/\\\/theyesbrand.com\\\/en\\\/\"},{\"@type\":\"ListItem\",\"position\":2,\"name\":\"Services\",\"item\":\"https:\\\/\\\/theyesbrand.com\\\/en\\\/services\\\/\"},{\"@type\":\"ListItem\",\"position\":3,\"name\":\"Audiovisual communication\"}]},{\"@type\":\"WebSite\",\"@id\":\"https:\\\/\\\/theyesbrand.com\\\/en\\\/#website\",\"url\":\"https:\\\/\\\/theyesbrand.com\\\/en\\\/\",\"name\":\"Theyesbrand\",\"description\":\"Packaging and Branding Agency\",\"publisher\":{\"@id\":\"https:\\\/\\\/theyesbrand.com\\\/en\\\/#organization\"},\"potentialAction\":[{\"@type\":\"SearchAction\",\"target\":{\"@type\":\"EntryPoint\",\"urlTemplate\":\"https:\\\/\\\/theyesbrand.com\\\/en\\\/?s={search_term_string}\"},\"query-input\":{\"@type\":\"PropertyValueSpecification\",\"valueRequired\":true,\"valueName\":\"search_term_string\"}}],\"inLanguage\":\"en-US\"},{\"@type\":\"Organization\",\"@id\":\"https:\\\/\\\/theyesbrand.com\\\/en\\\/#organization\",\"name\":\"The Yes Brand - Agencia Branding Barcelona\",\"url\":\"https:\\\/\\\/theyesbrand.com\\\/en\\\/\",\"logo\":{\"@type\":\"ImageObject\",\"inLanguage\":\"en-US\",\"@id\":\"https:\\\/\\\/theyesbrand.com\\\/en\\\/#\\\/schema\\\/logo\\\/image\\\/\",\"url\":\"https:\\\/\\\/theyesbrand.com\\\/app\\\/uploads\\\/2022\\\/05\\\/theyesbrand-logo.png\",\"contentUrl\":\"https:\\\/\\\/theyesbrand.com\\\/app\\\/uploads\\\/2022\\\/05\\\/theyesbrand-logo.png\",\"width\":1237,\"height\":1024,\"caption\":\"The Yes Brand - Agencia Branding Barcelona\"},\"image\":{\"@id\":\"https:\\\/\\\/theyesbrand.com\\\/en\\\/#\\\/schema\\\/logo\\\/image\\\/\"},\"sameAs\":[\"https:\\\/\\\/www.facebook.com\\\/theyesbrand\\\/\",\"https:\\\/\\\/www.linkedin.com\\\/company\\\/theyesbrand\\\/\",\"https:\\\/\\\/www.instagram.com\\\/theyesbrand\\\/\",\"https:\\\/\\\/vimeo.com\\\/user126401609\"]}]}<\/script>\n<!-- \/ Yoast SEO plugin. -->","yoast_head_json":{"title":"Agencia de Comunicaci\u00f3n Audiovisual - Theyesbrand","description":"Somos tu agencia de Comunicaci\u00f3n audiovisual en Barcelona y Madrid. Creamos contenido para impactar a tu p\u00fablico y aportar valor a tu marca.","robots":{"index":"index","follow":"follow","max-snippet":"max-snippet:-1","max-image-preview":"max-image-preview:large","max-video-preview":"max-video-preview:-1"},"canonical":"https:\/\/theyesbrand.com\/en\/services\/communication-agency\/","og_locale":"en_US","og_type":"article","og_title":"Agencia de Comunicaci\u00f3n Audiovisual - Theyesbrand","og_description":"Somos tu agencia de Comunicaci\u00f3n audiovisual en Barcelona y Madrid. Creamos contenido para impactar a tu p\u00fablico y aportar valor a tu marca.","og_url":"https:\/\/theyesbrand.com\/en\/services\/communication-agency\/","og_site_name":"Theyesbrand","article_publisher":"https:\/\/www.facebook.com\/theyesbrand\/","article_modified_time":"2025-11-05T19:18:08+00:00","twitter_card":"summary_large_image","twitter_misc":{"Est. reading time":"2 minutes"},"schema":{"@context":"https:\/\/schema.org","@graph":[{"@type":"WebPage","@id":"https:\/\/theyesbrand.com\/en\/services\/communication-agency\/","url":"https:\/\/theyesbrand.com\/en\/services\/communication-agency\/","name":"Agencia de Comunicaci\u00f3n Audiovisual - Theyesbrand","isPartOf":{"@id":"https:\/\/theyesbrand.com\/en\/#website"},"datePublished":"2023-03-01T22:45:28+00:00","dateModified":"2025-11-05T19:18:08+00:00","description":"Somos tu agencia de Comunicaci\u00f3n audiovisual en Barcelona y Madrid. Creamos contenido para impactar a tu p\u00fablico y aportar valor a tu marca.","breadcrumb":{"@id":"https:\/\/theyesbrand.com\/en\/services\/communication-agency\/#breadcrumb"},"inLanguage":"en-US","potentialAction":[{"@type":"ReadAction","target":["https:\/\/theyesbrand.com\/en\/services\/communication-agency\/"]}]},{"@type":"BreadcrumbList","@id":"https:\/\/theyesbrand.com\/en\/services\/communication-agency\/#breadcrumb","itemListElement":[{"@type":"ListItem","position":1,"name":"Inicio","item":"https:\/\/theyesbrand.com\/en\/"},{"@type":"ListItem","position":2,"name":"Services","item":"https:\/\/theyesbrand.com\/en\/services\/"},{"@type":"ListItem","position":3,"name":"Audiovisual communication"}]},{"@type":"WebSite","@id":"https:\/\/theyesbrand.com\/en\/#website","url":"https:\/\/theyesbrand.com\/en\/","name":"Theyesbrand","description":"Packaging and Branding Agency","publisher":{"@id":"https:\/\/theyesbrand.com\/en\/#organization"},"potentialAction":[{"@type":"SearchAction","target":{"@type":"EntryPoint","urlTemplate":"https:\/\/theyesbrand.com\/en\/?s={search_term_string}"},"query-input":{"@type":"PropertyValueSpecification","valueRequired":true,"valueName":"search_term_string"}}],"inLanguage":"en-US"},{"@type":"Organization","@id":"https:\/\/theyesbrand.com\/en\/#organization","name":"The Yes Brand - Agencia Branding Barcelona","url":"https:\/\/theyesbrand.com\/en\/","logo":{"@type":"ImageObject","inLanguage":"en-US","@id":"https:\/\/theyesbrand.com\/en\/#\/schema\/logo\/image\/","url":"https:\/\/theyesbrand.com\/app\/uploads\/2022\/05\/theyesbrand-logo.png","contentUrl":"https:\/\/theyesbrand.com\/app\/uploads\/2022\/05\/theyesbrand-logo.png","width":1237,"height":1024,"caption":"The Yes Brand - Agencia Branding Barcelona"},"image":{"@id":"https:\/\/theyesbrand.com\/en\/#\/schema\/logo\/image\/"},"sameAs":["https:\/\/www.facebook.com\/theyesbrand\/","https:\/\/www.linkedin.com\/company\/theyesbrand\/","https:\/\/www.instagram.com\/theyesbrand\/","https:\/\/vimeo.com\/user126401609"]}]}},"_links":{"self":[{"href":"https:\/\/theyesbrand.com\/en\/wp-json\/wp\/v2\/pages\/2094","targetHints":{"allow":["GET"]}}],"collection":[{"href":"https:\/\/theyesbrand.com\/en\/wp-json\/wp\/v2\/pages"}],"about":[{"href":"https:\/\/theyesbrand.com\/en\/wp-json\/wp\/v2\/types\/page"}],"author":[{"embeddable":true,"href":"https:\/\/theyesbrand.com\/en\/wp-json\/wp\/v2\/users\/1"}],"replies":[{"embeddable":true,"href":"https:\/\/theyesbrand.com\/en\/wp-json\/wp\/v2\/comments?post=2094"}],"version-history":[{"count":5,"href":"https:\/\/theyesbrand.com\/en\/wp-json\/wp\/v2\/pages\/2094\/revisions"}],"predecessor-version":[{"id":2781,"href":"https:\/\/theyesbrand.com\/en\/wp-json\/wp\/v2\/pages\/2094\/revisions\/2781"}],"up":[{"embeddable":true,"href":"https:\/\/theyesbrand.com\/en\/wp-json\/wp\/v2\/pages\/2070"}],"wp:attachment":[{"href":"https:\/\/theyesbrand.com\/en\/wp-json\/wp\/v2\/media?parent=2094"}],"curies":[{"name":"wp","href":"https:\/\/api.w.org\/{rel}","templated":true}]}}